{"id":252,"date":"2025-10-06T14:06:58","date_gmt":"2025-10-06T12:06:58","guid":{"rendered":"https:\/\/www.simfoniagelateria.cat\/aviso-legal\/"},"modified":"2025-10-06T14:06:58","modified_gmt":"2025-10-06T12:06:58","slug":"aviso-legal","status":"publish","type":"page","link":"https:\/\/www.simfoniagelateria.cat\/es\/aviso-legal\/","title":{"rendered":"Aviso legal"},"content":{"rendered":"<p>Para dar cumplimiento al art\u00edculo 10 de la Ley 34\/2002 de Servicios de la Sociedad de la Informaci\u00f3n y del Comercio Electr\u00f3nico, informamos a los usuarios de nuestros datos:<\/p>\n<ul>\n<li>Denominaci\u00f3n Social: <strong>Cristina Rubirola Plaja<\/strong><\/li>\n<li>Domicilio Social: <strong>Ve\u00efnat Seriny\u00e0, 11 17244 Cass\u00e0 de la Selva, Girona<\/strong><\/li>\n<li>NIF: <strong>B56733330<\/strong><\/li>\n<li>Tel\u00e9fono:<strong> 628 021 429<\/strong><\/li>\n<li>E-Mail: <a href=\"mailto:info@simfoniagelateria.com\"><strong>info@simfoniagelateria.com<\/strong><\/a><\/li>\n<li>Web: <a href=\"https:\/\/www.simfoniagelateria.cat\/es\/\"><strong>www.simfoniagelateria.cat<\/strong><\/a><\/li>\n<\/ul>\n<h4>1. OBJETO<\/h4>\n<p>Cristina Rubirola Plaja (Desde ahora tambi\u00e9n el prestamista) como responsable del sitio web, pone a disposici\u00f3n de los usuarios este documento, que regula el uso del sitio web <a href=\"https:\/\/www.simfoniagelateria.cat\/es\/\"><strong>www.simfoniagelateria.cat<\/strong><\/a>, con el que pretendemos dar cumplimiento a las obligaciones que dispone la Ley 34\/2002, de servicios de la Sociedad de la Informaci\u00f3n y del Comercio Electr\u00f3nico (LS cu\u00e1les son las condiciones de uso del sitio web. A trav\u00e9s de la web, <strong>Cristina Rubirola Plaja<\/strong> facilita a los usuarios el acceso y la utilizaci\u00f3n de diferentes servicios y contenidos puestos a disposici\u00f3n a trav\u00e9s de la web. Toda persona que acceda a esta web asume el papel de usuario (en adelante el usuario), e implica la aceptaci\u00f3n total y sin reservas de todas y cada una de las disposiciones incluidas en este Aviso Legal, as\u00ed como cualquier otra disposici\u00f3n legal que fuera de aplicaci\u00f3n. Como usuarios, deben leer atentamente este Aviso Legal en cualquiera de las ocasiones que entren en la web, ya que \u00e9sta puede sufrir modificaciones ya que el prestamista se reserva el derecho a modificar cualquier tipo de informaci\u00f3n que pudiera aparecer en la web, sin que exista la obligaci\u00f3n de preavisar o poner en conocimiento de los usuarios estas obligaciones, y es suficiente la publicaci\u00f3n en el sitio web del prestador.   <\/p>\n<h4>2. CONDICIONES DE ACCESO Y USO DE LA WEB<\/h4>\n<p>2.1. Car\u00e1cter gratuito del acceso y uso de la web. La prestaci\u00f3n de los servicios por Cristina Rubirola Plaja tiene car\u00e1cter gratuito para todos los usuarios. 2.2. Registro de usuario. Con car\u00e1cter general, la prestaci\u00f3n de los servicios no exige la previa suscripci\u00f3n o registro de los usuarios. 2.3. Veracidad de la informaci\u00f3n. Toda la informaci\u00f3n que facilita el usuario debe ser veraz. A estos efectos, el usuario garantiza la autenticidad de los datos comunicados a trav\u00e9s de los formularios para la suscripci\u00f3n de los servicios. Ser\u00e1 responsabilidad del usuario mantener toda la informaci\u00f3n facilitada a Cristina Rubirola Plaja permanentemente actualizada de forma que responda, en todo momento, a su situaci\u00f3n real. En cualquier caso, el Usuario ser\u00e1 el \u00fanico responsable de las manifestaciones falsas o inexactas que haga y de los perjuicios que cause el prestamista o terceros. 2.4. Menores de edad. Para el uso de los servicios, los menores de edad deben obtener siempre previamente el consentimiento de los padres, tutores o representantes legales, responsables \u00faltimos de todos los actos realizados por los menores a su cargo. La responsabilidad en la determinaci\u00f3n de contenidos concretos a los que acceden los menores corresponde a aquellos, por lo que si acceden a contenidos no apropiados para Internet, deber\u00e1n establecerse en sus ordenadores mecanismos, en particular programas inform\u00e1ticos, filtros y bloqueos, que permitan limitar los contenidos disponibles y, aunque no sean infalibles, pueden ser de especial utilidad para controlar y controlar. 2.5. Obligaci\u00f3n de hacer correcto uso de la web. El Usuario se compromete a utilizar la web de conformidad con la Ley y este Aviso Legal, as\u00ed como la moral y las buenas costumbres. En efecto, el Usuario se abstendr\u00e1 de utilizar la p\u00e1gina con fines il\u00edcitos o prohibidos, lesivos de derechos e intereses de terceros, o que de cualquier modo puedan da\u00f1ar, inutilizar, sobrecargar, deteriorar o impedir la utilizaci\u00f3n normal de equipos inform\u00e1ticos o documentos, archivos y todo tipo de contenidos almacenados en cualquier equipo. En particular, ya t\u00edtulo indicativo, pero no exhaustivo, el usuario se compromete a no transmitir, difundir o poner a disposici\u00f3n de terceros informaciones, datos, contenidos, mensajes, gr\u00e1ficos, dibujos, archivos de sonido o imagen, fotograf\u00edas, grabaciones, software y, en general, cualquier clase de material que:      <\/p>\n<ul>\n<li>(A) sea contraria, desprecia o atente contra los derechos fundamentales y las libertades p\u00fablicas reconocidas constitucionalmente, en tratados internacionales y otras normas vigentes;<\/li>\n<li>(B) induzca, incite o promueva actuaciones delictivas, denigratorias, difamatorias, violentas o, en general, contrarias a la ley, a la moral y al orden p\u00fablico;<\/li>\n<li>(C) induzca, incite o promueva actuaciones, actitudes o pensamientos discriminatorios por raz\u00f3n de sexo, raza, religi\u00f3n, creencias, edad o condici\u00f3n;<\/li>\n<li>(D) sea contrario al derecho al honor, a la intimidad personal o familiar o la propia imagen de las personas;<\/li>\n<li>(E) de cualquier modo perjudique la credibilidad del prestamista o de terceros; y<\/li>\n<li>(F) constituya publicidad il\u00edcita, enga\u00f1osa o desleal.<\/li>\n<\/ul>\n<h4>3. EXCLUSI\u00d3N DE GARANT\u00cdAS Y RESPONSABILIDAD<\/h4>\n<p>El prestamista se exime de cualquier tipo de responsabilidad derivada de la informaci\u00f3n publicada en nuestro sitio web, siempre que esta informaci\u00f3n haya sido manipulada o introducida por un tercero ajeno. Esta web ha sido revisada y probada para que funcione correctamente. En principio, se puede garantizar el correcto funcionamiento los 365 d\u00edas del a\u00f1o, 24 horas al d\u00eda. Sin embargo, el prestamista no descarta la posibilidad de que haya determinados errores de programaci\u00f3n, o que sucedan causas de fuerza mayor, cat\u00e1strofes naturales, huelgas, o circunstancias similares que hagan imposible el acceso a la p\u00e1gina web. Cristina Rubirola Plaja no otorga ninguna garant\u00eda ni se hace responsable, en ning\u00fan caso, de los da\u00f1os y perjuicios de cualquier naturaleza que puedan salir a colaci\u00f3n de la carencia de disponibilidad, mantenimiento y efectivo funcionamiento de la web o de sus servicios y contenidos; de la existencia de virus, programas maliciosos o lesivos en los contenidos; del uso il\u00edcito, negligente, fraudulento o contrario a este Aviso legal y condiciones de uso; o de la falta de licitud, calidad, fiabilidad, utilidad y disponibilidad de los servicios prestados por terceros y puestos a disposici\u00f3n de los usuarios en el sitio web. El prestamista no se hace responsable bajo ning\u00fan concepto de los da\u00f1os que puedan dimanar del uso ilegal o indebido de la presente p\u00e1gina web.    <\/p>\n<h4>4. COOKIES<\/h4>\n<p>El sitio web del prestamista puede utilizar cookies (peque\u00f1os ficheros de informaci\u00f3n que el servidor env\u00eda al ordenador de quien accede a la p\u00e1gina) para llevar a cabo determinadas funciones que son consideradas imprescindibles para el correcto funcionamiento y visualizaci\u00f3n del sitio. Las cookies utilizadas tienen, en todo caso, car\u00e1cter temporal, con el \u00fanico fin de hacer m\u00e1s eficaz la navegaci\u00f3n, desapareciendo al finalizar la sesi\u00f3n del usuario. En ning\u00fan caso se utilizar\u00e1n las cookies para recabar informaci\u00f3n de car\u00e1cter personal. para m\u00e1s informaci\u00f3n, vea la nuestra <a href=\"https:\/\/www.simfoniagelateria.cat\/politica-de-cookies\/\" target=\"_blank\" rel=\"noopener\">Pol\u00edtica de Cookies.<\/a>   <\/p>\n<h4>5. ENLACES <em>(LINKS)<\/em><\/h4>\n<p>Desde el sitio web es posible que se redirija a contenidos patrocinados, anuncios y\/o enlaces de afiliados y\/o de terceros webs. Entre los enlaces facilitados, existe la posibilidad de informar o hacer referencia a productos y\/o servicios de terceros. Dado que desde la web no podemos controlar los contenidos introducidos por los terceros, Cristina Rubirola Plaja no asume ning\u00fan tipo de responsabilidad respecto a estos contenidos, ni garantiza la experiencia, integridad o calidad de sus productos. En todo caso, el prestamista manifiesta que proceder\u00e1 a la retirada inmediata de cualquier contenido que pudiera contravenir la legislaci\u00f3n nacional o internacional, la moral o el orden p\u00fablico, procediendo a la retirada inmediata de la redirecci\u00f3n a estas webs, poniendo en conocimiento de las autoridades competentes el contenido en cuesti\u00f3n Cristina Rubirola Plaja tendr\u00e1 publicados estos enlaces hasta que sean ser indexados por otros buscadores ajenos a esta web. El prestamista no se responsabiliza de la informaci\u00f3n y contenidos almacenados, a t\u00edtulo enunciativo pero no limitativo, en foros, chats, generadores de blogs, comentarios, redes sociales o cualquier otro medio que permita a terceros publicar contenidos de forma independiente en la p\u00e1gina web del prestamista.     Sin embargo y en cumplimiento de lo dispuesto en el art. 11 y 16 de la LSSICE, el prestamista se pone a disposici\u00f3n de todos los usuarios, autoridades y fuerzas de seguridad, y colaborando de forma activa en la retirada o, cuando sea necesario, el bloqueo de todos aquellos contenidos que puedan afectar o contravenir la legislaci\u00f3n nacional, o internacional, derechos de terceros o la moral y el orden p\u00fablico. En caso de que el usuario considere que puede existir alg\u00fan contenido que pudiera ser susceptible de esta clasificaci\u00f3n, se ruega que lo notifique de forma inmediata al administrador del sitio web. Sin embargo, <strong>Cristina Rubirola Plaja<\/strong> le informa que cualquier relaci\u00f3n contractual o extracontractual que el usuario formalice con estos terceros, afiliados o anunciantes mediante el link proporcionado por esta web, ser\u00e1 v\u00e1lido \u00fanica y exclusivamente entre el usuario y el anunciante y\/o tercera persona y <strong>Cristina Rubirola Plaja<\/strong> no tendr\u00e1 ning\u00fan tipo de responsabilidad sobre los da\u00f1os o de perjuicios\/ contractuales o extracontractuales realizadas entre el usuario y los anunciantes o terceros contactadas a trav\u00e9s de este portal ya que el prestamista s\u00f3lo act\u00faa como intermediario o medio publicitario.<\/p>\n<h4>6. PROTECCI\u00d3N DE DATOS PERSONALES<\/h4>\n<p>El prestamista est\u00e1 profundamente comprometido con el cumplimiento de la normativa de protecci\u00f3n de datos personales y garantiza el cumplimiento \u00edntegro de las obligaciones dispuestas, as\u00ed como la implementaci\u00f3n de las medidas de seguridad dispuestas en el Reglamento Europeo de Protecci\u00f3n de datos y la normativa espa\u00f1ola de protecci\u00f3n de datos. Para m\u00e1s informaci\u00f3n, vea la nuestra <a href=\"https:\/\/www.simfoniagelateria.cat\/politica-de-privacitat\/\" target=\"_blank\" rel=\"noopener\">Pol\u00edtica de Privacidad<\/a><\/p>\n<h4>7. PROPIEDAD INTELECTUAL E INDUSTRIAL<\/h4>\n<p>El sitio web, incluido a t\u00edtulo enunciativo, pero no limitativo: la programaci\u00f3n, edici\u00f3n, compilaci\u00f3n y otros elementos necesarios para su funcionamiento, los dise\u00f1os, logotipos, textos, fotograf\u00edas y\/o gr\u00e1ficos son propiedad del prestamista o, en caso necesario, dispone de la licencia o autorizaci\u00f3n expresa por parte de los autores. Todos los contenidos del sitio web est\u00e1n debidamente protegidos por la normativa de propiedad intelectual e industrial. Independientemente de la finalidad para la que fuesen destinados, la reproducci\u00f3n total o parcial, uso, distribuci\u00f3n y comunicaci\u00f3n p\u00fablica requieren la autorizaci\u00f3n escrita previa por parte del prestamista. Cualquier uso no autorizado previamente por parte del prestamista ser\u00e1 considerado un incumplimiento grave de los derechos de propiedad intelectual o industrial del autor. Los dise\u00f1os, logotipos, texto y\/o gr\u00e1ficos ajenos al prestamista y que puedan aparecer en el sitio web, pertenecen a sus respectivos propietarios, siendo ellos mismos responsables de cualquier posible controversia que pudiera acontecer respecto a \u00e9stos. En todo caso, el prestamista cuenta con la autorizaci\u00f3n expresa y previa por parte de los mismos. El prestamista reconoce a favor de sus titulares los correspondientes derechos de propiedad industrial e intelectual, y no implica la menci\u00f3n o aparici\u00f3n en el sitio web, de la existencia de derechos o responsabilidad del prestamista sobre \u00e9stos, como tampoco apoyo, patrocinio o recomendaci\u00f3n por parte del mismo. Para realizar cualquier tipo de observaci\u00f3n respecto a posibles incumplimientos de los derechos de propiedad intelectual o industrial, as\u00ed como sobre cualquiera de los contenidos del sitio web, puede hacerlo a trav\u00e9s del correo electr\u00f3nico arriba rese\u00f1ado.<\/p>\n<h4>8. LEY APLICABLE Y JURISDICCI\u00d3N<\/h4>\n<p>Para la resoluci\u00f3n de las controversias o cuestiones relacionadas con esta p\u00e1gina web o de las actividades en la misma desarrolladas, ser\u00e1 de aplicaci\u00f3n la legislaci\u00f3n espa\u00f1ola, a la que se someten expresamente las partes, siendo competentes para la resoluci\u00f3n de todos los conflictos derivados o relacionados con su uso los Juzgados y Tribunales de Barcelona.<\/p>\n","protected":false},"excerpt":{"rendered":"<p>Para dar cumplimiento al art\u00edculo 10 de la Ley 34\/2002 de Servicios de la Sociedad de la Informaci\u00f3n y del Comercio Electr\u00f3nico, informamos a los usuarios de nuestros datos: Denominaci\u00f3n Social: Cristina Rubirola Plaja Domicilio Social: Ve\u00efnat Seriny\u00e0, 11 17244 Cass\u00e0 de la Selva, Girona NIF: B56733330 Tel\u00e9fono: 628 021 429 E-Mail: info@simfoniagelateria.com Web: www.simfoniagelateria.cat [&hellip;]<\/p>\n","protected":false},"author":1,"featured_media":0,"parent":0,"menu_order":0,"comment_status":"closed","ping_status":"closed","template":"","meta":{"footnotes":""},"class_list":["post-252","page","type-page","status-publish","hentry"],"yoast_head":"<!-- This site is optimized with the Yoast SEO plugin v26.8 - https:\/\/yoast.com\/product\/yoast-seo-wordpress\/ -->\n<title>Aviso legal - Simfonia Alta Gelateria<\/title>\n<meta name=\"description\" content=\"Para dar cumplimiento al art\u00edculo 10 de la Ley 34\/2002 de Servicios de la Sociedad de la Informaci\u00f3n y del Comercio Electr\u00f3nico, informamos a los usuarios\" \/>\n<meta name=\"robots\" content=\"noindex, nofollow\" \/>\n<meta property=\"og:locale\" content=\"es_ES\" \/>\n<meta property=\"og:type\" content=\"article\" \/>\n<meta property=\"og:title\" content=\"Aviso legal - Simfonia Alta Gelateria\" \/>\n<meta property=\"og:description\" content=\"Para dar cumplimiento al art\u00edculo 10 de la Ley 34\/2002 de Servicios de la Sociedad de la Informaci\u00f3n y del Comercio Electr\u00f3nico, informamos a los usuarios\" \/>\n<meta property=\"og:url\" content=\"https:\/\/www.simfoniagelateria.cat\/es\/aviso-legal\/\" \/>\n<meta property=\"og:site_name\" content=\"Simfonia Alta Gelateria\" \/>\n<meta name=\"twitter:card\" content=\"summary_large_image\" \/>\n<meta name=\"twitter:label1\" content=\"Tiempo de lectura\" \/>\n\t<meta name=\"twitter:data1\" content=\"10 minutos\" \/>\n<script type=\"application\/ld+json\" class=\"yoast-schema-graph\">{\"@context\":\"https:\/\/schema.org\",\"@graph\":[{\"@type\":\"WebPage\",\"@id\":\"https:\/\/www.simfoniagelateria.cat\/es\/aviso-legal\/\",\"url\":\"https:\/\/www.simfoniagelateria.cat\/es\/aviso-legal\/\",\"name\":\"Aviso legal - Simfonia Alta Gelateria\",\"isPartOf\":{\"@id\":\"https:\/\/www.simfoniagelateria.cat\/es\/#website\"},\"datePublished\":\"2025-10-06T12:06:58+00:00\",\"description\":\"Para dar cumplimiento al art\u00edculo 10 de la Ley 34\/2002 de Servicios de la Sociedad de la Informaci\u00f3n y del Comercio Electr\u00f3nico, informamos a los usuarios\",\"breadcrumb\":{\"@id\":\"https:\/\/www.simfoniagelateria.cat\/es\/aviso-legal\/#breadcrumb\"},\"inLanguage\":\"es\",\"potentialAction\":[{\"@type\":\"ReadAction\",\"target\":[\"https:\/\/www.simfoniagelateria.cat\/es\/aviso-legal\/\"]}]},{\"@type\":\"BreadcrumbList\",\"@id\":\"https:\/\/www.simfoniagelateria.cat\/es\/aviso-legal\/#breadcrumb\",\"itemListElement\":[{\"@type\":\"ListItem\",\"position\":1,\"name\":\"Home\",\"item\":\"https:\/\/www.simfoniagelateria.cat\/es\/\"},{\"@type\":\"ListItem\",\"position\":2,\"name\":\"Aviso legal\"}]},{\"@type\":\"WebSite\",\"@id\":\"https:\/\/www.simfoniagelateria.cat\/es\/#website\",\"url\":\"https:\/\/www.simfoniagelateria.cat\/es\/\",\"name\":\"Simfonia Alta Gelateria\",\"description\":\"Gelats artesanals amb \u00e0nima. Fets amb la nostra llet, la nostra m\u00e0 i el nostre cor.\",\"publisher\":{\"@id\":\"https:\/\/www.simfoniagelateria.cat\/es\/#organization\"},\"potentialAction\":[{\"@type\":\"SearchAction\",\"target\":{\"@type\":\"EntryPoint\",\"urlTemplate\":\"https:\/\/www.simfoniagelateria.cat\/es\/?s={search_term_string}\"},\"query-input\":{\"@type\":\"PropertyValueSpecification\",\"valueRequired\":true,\"valueName\":\"search_term_string\"}}],\"inLanguage\":\"es\"},{\"@type\":\"Organization\",\"@id\":\"https:\/\/www.simfoniagelateria.cat\/es\/#organization\",\"name\":\"Simfonia Alta Gelateria\",\"url\":\"https:\/\/www.simfoniagelateria.cat\/es\/\",\"logo\":{\"@type\":\"ImageObject\",\"inLanguage\":\"es\",\"@id\":\"https:\/\/www.simfoniagelateria.cat\/es\/#\/schema\/logo\/image\/\",\"url\":\"https:\/\/www.simfoniagelateria.cat\/wp-content\/uploads\/2025\/10\/logo-simfonia.svg\",\"contentUrl\":\"https:\/\/www.simfoniagelateria.cat\/wp-content\/uploads\/2025\/10\/logo-simfonia.svg\",\"width\":220,\"height\":108,\"caption\":\"Simfonia Alta Gelateria\"},\"image\":{\"@id\":\"https:\/\/www.simfoniagelateria.cat\/es\/#\/schema\/logo\/image\/\"}}]}<\/script>\n<!-- \/ Yoast SEO plugin. -->","yoast_head_json":{"title":"Aviso legal - Simfonia Alta Gelateria","description":"Para dar cumplimiento al art\u00edculo 10 de la Ley 34\/2002 de Servicios de la Sociedad de la Informaci\u00f3n y del Comercio Electr\u00f3nico, informamos a los usuarios","robots":{"index":"noindex","follow":"nofollow"},"og_locale":"es_ES","og_type":"article","og_title":"Aviso legal - Simfonia Alta Gelateria","og_description":"Para dar cumplimiento al art\u00edculo 10 de la Ley 34\/2002 de Servicios de la Sociedad de la Informaci\u00f3n y del Comercio Electr\u00f3nico, informamos a los usuarios","og_url":"https:\/\/www.simfoniagelateria.cat\/es\/aviso-legal\/","og_site_name":"Simfonia Alta Gelateria","twitter_card":"summary_large_image","twitter_misc":{"Tiempo de lectura":"10 minutos"},"schema":{"@context":"https:\/\/schema.org","@graph":[{"@type":"WebPage","@id":"https:\/\/www.simfoniagelateria.cat\/es\/aviso-legal\/","url":"https:\/\/www.simfoniagelateria.cat\/es\/aviso-legal\/","name":"Aviso legal - Simfonia Alta Gelateria","isPartOf":{"@id":"https:\/\/www.simfoniagelateria.cat\/es\/#website"},"datePublished":"2025-10-06T12:06:58+00:00","description":"Para dar cumplimiento al art\u00edculo 10 de la Ley 34\/2002 de Servicios de la Sociedad de la Informaci\u00f3n y del Comercio Electr\u00f3nico, informamos a los usuarios","breadcrumb":{"@id":"https:\/\/www.simfoniagelateria.cat\/es\/aviso-legal\/#breadcrumb"},"inLanguage":"es","potentialAction":[{"@type":"ReadAction","target":["https:\/\/www.simfoniagelateria.cat\/es\/aviso-legal\/"]}]},{"@type":"BreadcrumbList","@id":"https:\/\/www.simfoniagelateria.cat\/es\/aviso-legal\/#breadcrumb","itemListElement":[{"@type":"ListItem","position":1,"name":"Home","item":"https:\/\/www.simfoniagelateria.cat\/es\/"},{"@type":"ListItem","position":2,"name":"Aviso legal"}]},{"@type":"WebSite","@id":"https:\/\/www.simfoniagelateria.cat\/es\/#website","url":"https:\/\/www.simfoniagelateria.cat\/es\/","name":"Simfonia Alta Gelateria","description":"Gelats artesanals amb \u00e0nima. Fets amb la nostra llet, la nostra m\u00e0 i el nostre cor.","publisher":{"@id":"https:\/\/www.simfoniagelateria.cat\/es\/#organization"},"potentialAction":[{"@type":"SearchAction","target":{"@type":"EntryPoint","urlTemplate":"https:\/\/www.simfoniagelateria.cat\/es\/?s={search_term_string}"},"query-input":{"@type":"PropertyValueSpecification","valueRequired":true,"valueName":"search_term_string"}}],"inLanguage":"es"},{"@type":"Organization","@id":"https:\/\/www.simfoniagelateria.cat\/es\/#organization","name":"Simfonia Alta Gelateria","url":"https:\/\/www.simfoniagelateria.cat\/es\/","logo":{"@type":"ImageObject","inLanguage":"es","@id":"https:\/\/www.simfoniagelateria.cat\/es\/#\/schema\/logo\/image\/","url":"https:\/\/www.simfoniagelateria.cat\/wp-content\/uploads\/2025\/10\/logo-simfonia.svg","contentUrl":"https:\/\/www.simfoniagelateria.cat\/wp-content\/uploads\/2025\/10\/logo-simfonia.svg","width":220,"height":108,"caption":"Simfonia Alta Gelateria"},"image":{"@id":"https:\/\/www.simfoniagelateria.cat\/es\/#\/schema\/logo\/image\/"}}]}},"_links":{"self":[{"href":"https:\/\/www.simfoniagelateria.cat\/es\/wp-json\/wp\/v2\/pages\/252","targetHints":{"allow":["GET"]}}],"collection":[{"href":"https:\/\/www.simfoniagelateria.cat\/es\/wp-json\/wp\/v2\/pages"}],"about":[{"href":"https:\/\/www.simfoniagelateria.cat\/es\/wp-json\/wp\/v2\/types\/page"}],"author":[{"embeddable":true,"href":"https:\/\/www.simfoniagelateria.cat\/es\/wp-json\/wp\/v2\/users\/1"}],"replies":[{"embeddable":true,"href":"https:\/\/www.simfoniagelateria.cat\/es\/wp-json\/wp\/v2\/comments?post=252"}],"version-history":[{"count":0,"href":"https:\/\/www.simfoniagelateria.cat\/es\/wp-json\/wp\/v2\/pages\/252\/revisions"}],"wp:attachment":[{"href":"https:\/\/www.simfoniagelateria.cat\/es\/wp-json\/wp\/v2\/media?parent=252"}],"curies":[{"name":"wp","href":"https:\/\/api.w.org\/{rel}","templated":true}]}}