{"id":253,"date":"2025-10-06T14:10:09","date_gmt":"2025-10-06T12:10:09","guid":{"rendered":"https:\/\/www.simfoniagelateria.cat\/contacto\/"},"modified":"2026-01-26T12:24:22","modified_gmt":"2026-01-26T10:24:22","slug":"contacto","status":"publish","type":"page","link":"https:\/\/www.simfoniagelateria.cat\/es\/contacto\/","title":{"rendered":"Contacto"},"content":{"rendered":"\t\t<div data-elementor-type=\"wp-page\" data-elementor-id=\"253\" class=\"elementor elementor-253 elementor-28\" data-elementor-post-type=\"page\">\n\t\t\t\t<div class=\"elementor-element elementor-element-be0e521 e-flex e-con-boxed e-con e-parent\" data-id=\"be0e521\" data-element_type=\"container\" data-settings=\"{&quot;background_background&quot;:&quot;classic&quot;}\">\n\t\t\t\t\t<div class=\"e-con-inner\">\n\t\t\t\t<div class=\"elementor-element elementor-element-c2506f3 elementor-widget elementor-widget-heading\" data-id=\"c2506f3\" data-element_type=\"widget\" data-widget_type=\"heading.default\">\n\t\t\t\t\t<h1 class=\"elementor-heading-title elementor-size-default\">\u00bfQuieres trabajar con nosotros? Probamos juntos el futuro.<\/h1>\t\t\t\t<\/div>\n\t\t\t\t<div class=\"elementor-element elementor-element-f7d3042 elementor-widget elementor-widget-text-editor\" data-id=\"f7d3042\" data-element_type=\"widget\" data-widget_type=\"text-editor.default\">\n\t\t\t\t\t\t\t\t\t<p>Si tienes un restaurante, cafeter\u00eda, comercio o simplemente quieres saber m\u00e1s sobre nuestros helados artesanales, nos encantar\u00eda escucharte.<\/p>\t\t\t\t\t\t\t\t<\/div>\n\t\t\t\t\t<\/div>\n\t\t\t\t<\/div>\n\t\t<div class=\"elementor-element elementor-element-4cfe378e e-flex e-con-boxed e-con e-parent\" data-id=\"4cfe378e\" data-element_type=\"container\">\n\t\t\t\t\t<div class=\"e-con-inner\">\n\t\t\t\t<div class=\"elementor-element elementor-element-3797844 elementor-widget elementor-widget-heading\" data-id=\"3797844\" data-element_type=\"widget\" data-widget_type=\"heading.default\">\n\t\t\t\t\t<h2 class=\"elementor-heading-title elementor-size-default\">Nos gusta hablar con personas apasionadas por lo que hacen.<\/h2>\t\t\t\t<\/div>\n\t\t\t\t<div class=\"elementor-element elementor-element-42eba721 elementor-widget elementor-widget-text-editor\" data-id=\"42eba721\" data-element_type=\"widget\" data-widget_type=\"text-editor.default\">\n\t\t\t\t\t\t\t\t\t<p>Tanto si quieres <strong>realizar un pedido, pedir una cata o crear un sabor exclusivo<\/strong>, estamos al otro lado.<\/p>\t\t\t\t\t\t\t\t<\/div>\n\t\t\t\t\t<\/div>\n\t\t\t\t<\/div>\n\t\t<div class=\"elementor-element elementor-element-169d6a6 e-flex e-con-boxed e-con e-parent\" data-id=\"169d6a6\" data-element_type=\"container\">\n\t\t\t\t\t<div class=\"e-con-inner\">\n\t\t\t\t<div class=\"elementor-element elementor-element-5551c97 elementor-widget elementor-widget-formidable\" data-id=\"5551c97\" data-element_type=\"widget\" data-widget_type=\"formidable.default\">\n\t\t\t\t<div class=\"elementor-widget-container\">\n\t\t\t\t\t<div class=\"frm_forms  with_frm_style frm_style_formidable-style\" id=\"frm_form_2_container\" data-token=\"e5b4b46c79f69dd2e3356a71cde8c250\">\n<form enctype=\"multipart\/form-data\" method=\"post\" class=\"frm-show-form  frm_pro_form \" id=\"form_contacte\" data-token=\"e5b4b46c79f69dd2e3356a71cde8c250\">\n<div class=\"frm_form_fields \">\n<fieldset>\n<legend class=\"frm_screen_reader\">Contacte<\/legend>\r\n\r\n<div class=\"frm_fields_container\">\n<input type=\"hidden\" name=\"frm_action\" value=\"create\" \/>\n<input type=\"hidden\" name=\"form_id\" value=\"2\" \/>\n<input type=\"hidden\" name=\"frm_hide_fields_2\" id=\"frm_hide_fields_2\" value=\"\" \/>\n<input type=\"hidden\" name=\"form_key\" value=\"contacte\" \/>\n<input type=\"hidden\" name=\"item_meta[0]\" value=\"\" \/>\n<input type=\"hidden\" id=\"frm_submit_entry_2\" name=\"frm_submit_entry_2\" value=\"d2645a9c08\" \/><input type=\"hidden\" name=\"_wp_http_referer\" value=\"\/es\/wp-json\/wp\/v2\/pages\/253\" \/><div id=\"frm_field_7_container\" class=\"frm_form_field form-field  frm_required_field frm_top_container frm6 frm_first\">\r\n\t<label for=\"field_w7fj0\" id=\"field_w7fj0_label\" class=\"frm_primary_label\">Nombre\r\n\t\t<span class=\"frm_required\" aria-hidden=\"true\">*<\/span>\r\n\t<\/label>\r\n\t<input  type=\"text\" id=\"field_w7fj0\" name=\"item_meta[7]\" value=\"\"  data-reqmsg=\" Nombre no puede estar en blanco. \" aria-required=\"true\" data-invmsg=\"Nombre is invalid\" aria-invalid=\"false\"   \/>\r\n\t\r\n\t\r\n<\/div>\n<div id=\"frm_field_8_container\" class=\"frm_form_field form-field  frm_required_field frm_top_container frm6\">\r\n\t<label for=\"field_dx61l\" id=\"field_dx61l_label\" class=\"frm_primary_label\">Apellidos\r\n\t\t<span class=\"frm_required\" aria-hidden=\"true\">*<\/span>\r\n\t<\/label>\r\n\t<input  type=\"text\" id=\"field_dx61l\" name=\"item_meta[8]\" value=\"\"  data-reqmsg=\" Apellidos no puede estar en blanco. \" aria-required=\"true\" data-invmsg=\"Apellidos is invalid\" aria-invalid=\"false\"   \/>\r\n\t\r\n\t\r\n<\/div>\n<div id=\"frm_field_9_container\" class=\"frm_form_field form-field  frm_top_container frm6 frm_first\">\r\n\t<label for=\"field_dhsd5\" id=\"field_dhsd5_label\" class=\"frm_primary_label\">Tel\u00e9fono\r\n\t\t<span class=\"frm_required\" aria-hidden=\"true\"><\/span>\r\n\t<\/label>\r\n\t<input type=\"tel\" id=\"field_dhsd5\" name=\"item_meta[9]\" value=\"\"  data-invmsg=\"Tel\u00e9fono no es v\u00e1lido\" aria-invalid=\"false\" pattern=\"((\\+\\d{1,3}(-|.| )?\\(?\\d\\)?(-| |.)?\\d{1,5})|(\\(?\\d{2,6}\\)?))(-|.| )?(\\d{3,4})(-|.| )?(\\d{4})(( x| ext)\\d{1,5}){0,1}$\"  \/>\r\n\t\r\n\t\r\n<\/div>\n<div id=\"frm_field_10_container\" class=\"frm_form_field form-field  frm_required_field frm_top_container frm6\">\r\n\t<label for=\"field_mmckx\" id=\"field_mmckx_label\" class=\"frm_primary_label\">Email\r\n\t\t<span class=\"frm_required\" aria-hidden=\"true\">*<\/span>\r\n\t<\/label>\r\n\t<input type=\"email\" id=\"field_mmckx\" name=\"item_meta[10]\" value=\"\"  autocomplete=\"email\"  data-reqmsg=\" Email no puede estar en blanco. \" aria-required=\"true\" data-invmsg=\"Email no es v\u00e1lido\" aria-invalid=\"false\"  \/>\r\n\t\r\n\t\r\n<\/div>\n<div id=\"frm_field_11_container\" class=\"frm_form_field form-field  frm_required_field frm_top_container\">\r\n\t<label for=\"field_kea3t\" id=\"field_kea3t_label\" class=\"frm_primary_label\">Mensaje\r\n\t\t<span class=\"frm_required\" aria-hidden=\"true\">*<\/span>\r\n\t<\/label>\r\n\t<textarea name=\"item_meta[11]\" id=\"field_kea3t\" rows=\"5\"  data-reqmsg=\" Mensaje no puede estar en blanco. \" aria-required=\"true\" data-invmsg=\"Mensaje no es v\u00e1lido\" aria-invalid=\"false\"  ><\/textarea>\r\n\t\r\n\t\r\n<\/div>\n<div id=\"frm_field_12_container\" class=\"frm_form_field form-field  frm_required_field frm_top_container vertical_radio\">\r\n\t<div  id=\"field_2raoi_label\" class=\"frm_primary_label\">\r\n\t\t<span class=\"frm_required\" aria-hidden=\"true\"><\/span>\r\n\t<\/div>\r\n\t<div class=\"frm_opt_container\" aria-labelledby=\"field_2raoi_label\" role=\"group\">\t\t<div class=\"frm_checkbox\" id=\"frm_checkbox_12-0\">\t\t\t<label  for=\"field_2raoi-0\">\n\t\t\t<input type=\"checkbox\" name=\"item_meta[12][]\" id=\"field_2raoi-0\" value=\"He llegit i accepto la pol\u00edtica de privacitat.\"  data-reqmsg=\" Este campo no puede estar en blanco. \" data-invmsg=\"Este campo no es v\u00e1lido\"   aria-required=\"true\"  \/> He le\u00eddo y acepto la pol\u00edtica de privacidad.<\/label><\/div>\n<\/div>\r\n\t\r\n\t\r\n<\/div>\n<div id=\"frm_field_6_container\" class=\"frm_form_field form-field \">\r\n\t<div class=\"frm_submit frm_flex\">\r\n<button class=\"frm_button_submit frm_final_submit\" type=\"submit\"   formnovalidate=\"formnovalidate\">Enviar<\/button>\r\n\r\n\r\n\r\n<\/div>\r\n<\/div>\n\t<input type=\"hidden\" name=\"item_key\" value=\"\" \/>\n\t\t\t<div id=\"frm_field_20_container\">\n\t\t\t<label for=\"field_k4k2t\" >\n\t\t\t\tSi eres humano, deja este campo en blanco.\t\t\t<\/label>\n\t\t\t<input  id=\"field_k4k2t\" type=\"text\" class=\"frm_form_field form-field frm_verify\" name=\"item_meta[20]\" value=\"\"  \/>\n\t\t<\/div>\n\t\t<input name=\"frm_state\" type=\"hidden\" value=\"hlQqjne3GV6b6UOBhx5kKiOsMFje1XGL1hoRUY2TEUjoHoiXjpSEA8gKnFlJGZtY\" \/><\/div>\n<\/fieldset>\n<\/div>\n\n<p style=\"display: none !important;\" class=\"akismet-fields-container\" data-prefix=\"ak_\"><label>&#916;<textarea name=\"ak_hp_textarea\" cols=\"45\" rows=\"8\" maxlength=\"100\"><\/textarea><\/label><input type=\"hidden\" id=\"ak_js_1\" name=\"ak_js\" value=\"160\"\/><script>document.getElementById( \"ak_js_1\" ).setAttribute( \"value\", ( new Date() ).getTime() );<\/script><\/p><\/form>\n<\/div>\n\t\t\t\t<\/div>\n\t\t\t\t<\/div>\n\t\t\t\t\t<\/div>\n\t\t\t\t<\/div>\n\t\t<div class=\"elementor-element elementor-element-39a880a e-flex e-con-boxed e-con e-parent\" data-id=\"39a880a\" data-element_type=\"container\" data-settings=\"{&quot;background_background&quot;:&quot;classic&quot;}\">\n\t\t\t\t\t<div class=\"e-con-inner\">\n\t\t\t\t<div class=\"elementor-element elementor-element-42a08d0 elementor-widget elementor-widget-heading\" data-id=\"42a08d0\" data-element_type=\"widget\" data-widget_type=\"heading.default\">\n\t\t\t\t\t<h3 class=\"elementor-heading-title elementor-size-default\">\u00bfQuieres que hablemos?<\/h3>\t\t\t\t<\/div>\n\t\t\t\t<div class=\"elementor-element elementor-element-1e8c2ff elementor-widget elementor-widget-text-editor\" data-id=\"1e8c2ff\" data-element_type=\"widget\" data-widget_type=\"text-editor.default\">\n\t\t\t\t\t\t\t\t\t<p>Estamos encantados de explicarte c\u00f3mo trabajamos y c\u00f3mo podemos ayudar a enriquecer tu propuesta gastron\u00f3mica.<\/p>\t\t\t\t\t\t\t\t<\/div>\n\t\t\t\t<div class=\"elementor-element elementor-element-57a8366 elementor-align-center elementor-icon-list--layout-traditional elementor-list-item-link-full_width elementor-widget elementor-widget-icon-list\" data-id=\"57a8366\" data-element_type=\"widget\" data-widget_type=\"icon-list.default\">\n\t\t\t\t\t\t\t<ul class=\"elementor-icon-list-items\">\n\t\t\t\t\t\t\t<li class=\"elementor-icon-list-item\">\n\t\t\t\t\t\t\t\t\t\t\t<a href=\"mailto:info@simfoniagelateria.com\">\n\n\t\t\t\t\t\t\t\t\t\t\t\t<span class=\"elementor-icon-list-icon\">\n\t\t\t\t\t\t\t<svg aria-hidden=\"true\" class=\"e-font-icon-svg e-fas-envelope\" viewBox=\"0 0 512 512\" xmlns=\"http:\/\/www.w3.org\/2000\/svg\"><path d=\"M502.3 190.8c3.9-3.1 9.7-.2 9.7 4.7V400c0 26.5-21.5 48-48 48H48c-26.5 0-48-21.5-48-48V195.6c0-5 5.7-7.8 9.7-4.7 22.4 17.4 52.1 39.5 154.1 113.6 21.1 15.4 56.7 47.8 92.2 47.6 35.7.3 72-32.8 92.3-47.6 102-74.1 131.6-96.3 154-113.7zM256 320c23.2.4 56.6-29.2 73.4-41.4 132.7-96.3 142.8-104.7 173.4-128.7 5.8-4.5 9.2-11.5 9.2-18.9v-19c0-26.5-21.5-48-48-48H48C21.5 64 0 85.5 0 112v19c0 7.4 3.4 14.3 9.2 18.9 30.6 23.9 40.7 32.4 173.4 128.7 16.8 12.2 50.2 41.8 73.4 41.4z\"><\/path><\/svg>\t\t\t\t\t\t<\/span>\n\t\t\t\t\t\t\t\t\t\t<span class=\"elementor-icon-list-text\">info@simfoniagelateria.com<\/span>\n\t\t\t\t\t\t\t\t\t\t\t<\/a>\n\t\t\t\t\t\t\t\t\t<\/li>\n\t\t\t\t\t\t\t\t<li class=\"elementor-icon-list-item\">\n\t\t\t\t\t\t\t\t\t\t\t<a href=\"tel:34622776302\">\n\n\t\t\t\t\t\t\t\t\t\t\t\t<span class=\"elementor-icon-list-icon\">\n\t\t\t\t\t\t\t<svg aria-hidden=\"true\" class=\"e-font-icon-svg e-fas-phone-alt\" viewBox=\"0 0 512 512\" xmlns=\"http:\/\/www.w3.org\/2000\/svg\"><path d=\"M497.39 361.8l-112-48a24 24 0 0 0-28 6.9l-49.6 60.6A370.66 370.66 0 0 1 130.6 204.11l60.6-49.6a23.94 23.94 0 0 0 6.9-28l-48-112A24.16 24.16 0 0 0 122.6.61l-104 24A24 24 0 0 0 0 48c0 256.5 207.9 464 464 464a24 24 0 0 0 23.4-18.6l24-104a24.29 24.29 0 0 0-14.01-27.6z\"><\/path><\/svg>\t\t\t\t\t\t<\/span>\n\t\t\t\t\t\t\t\t\t\t<span class=\"elementor-icon-list-text\">+34 622 776 302<\/span>\n\t\t\t\t\t\t\t\t\t\t\t<\/a>\n\t\t\t\t\t\t\t\t\t<\/li>\n\t\t\t\t\t\t<\/ul>\n\t\t\t\t\t\t<\/div>\n\t\t\t\t\t<\/div>\n\t\t\t\t<\/div>\n\t\t\t\t<\/div>\n\t\t","protected":false},"excerpt":{"rendered":"<p>\u00bfQuieres trabajar con nosotros? Probamos juntos el futuro. Si tienes un restaurante, cafeter\u00eda, comercio o simplemente quieres saber m\u00e1s sobre nuestros helados artesanales, nos encantar\u00eda escucharte. Nos gusta hablar con personas apasionadas por lo que hacen. Tanto si quieres realizar un pedido, pedir una cata o crear un sabor exclusivo, estamos al otro lado. Contacte [&hellip;]<\/p>\n","protected":false},"author":1,"featured_media":0,"parent":0,"menu_order":0,"comment_status":"closed","ping_status":"closed","template":"elementor_header_footer","meta":{"footnotes":""},"class_list":["post-253","page","type-page","status-publish","hentry"],"yoast_head":"<!-- This site is optimized with the Yoast SEO plugin v26.8 - https:\/\/yoast.com\/product\/yoast-seo-wordpress\/ -->\n<title>Contacto - Simfonia Alta Gelateria<\/title>\n<meta name=\"description\" content=\"Si tiene un restaurante, cafeter\u00eda, comercio o simplemente desea saber m\u00e1s sobre nuestros helados artesanales, nos encantar\u00eda escucharle.\" \/>\n<meta name=\"robots\" content=\"index, follow, max-snippet:-1, max-image-preview:large, max-video-preview:-1\" \/>\n<link rel=\"canonical\" href=\"https:\/\/www.simfoniagelateria.cat\/es\/contacto\/\" \/>\n<meta property=\"og:locale\" content=\"es_ES\" \/>\n<meta property=\"og:type\" content=\"article\" \/>\n<meta property=\"og:title\" content=\"Contacto - Simfonia Alta Gelateria\" \/>\n<meta property=\"og:description\" content=\"Si tiene un restaurante, cafeter\u00eda, comercio o simplemente desea saber m\u00e1s sobre nuestros helados artesanales, nos encantar\u00eda escucharle.\" \/>\n<meta property=\"og:url\" content=\"https:\/\/www.simfoniagelateria.cat\/es\/contacto\/\" \/>\n<meta property=\"og:site_name\" content=\"Simfonia Alta Gelateria\" \/>\n<meta property=\"article:modified_time\" content=\"2026-01-26T10:24:22+00:00\" \/>\n<meta name=\"twitter:card\" content=\"summary_large_image\" \/>\n<meta name=\"twitter:label1\" content=\"Tiempo de lectura\" \/>\n\t<meta name=\"twitter:data1\" content=\"1 minuto\" \/>\n<script type=\"application\/ld+json\" class=\"yoast-schema-graph\">{\"@context\":\"https:\/\/schema.org\",\"@graph\":[{\"@type\":\"WebPage\",\"@id\":\"https:\/\/www.simfoniagelateria.cat\/es\/contacto\/\",\"url\":\"https:\/\/www.simfoniagelateria.cat\/es\/contacto\/\",\"name\":\"Contacto - Simfonia Alta Gelateria\",\"isPartOf\":{\"@id\":\"https:\/\/www.simfoniagelateria.cat\/es\/#website\"},\"datePublished\":\"2025-10-06T12:10:09+00:00\",\"dateModified\":\"2026-01-26T10:24:22+00:00\",\"description\":\"Si tiene un restaurante, cafeter\u00eda, comercio o simplemente desea saber m\u00e1s sobre nuestros helados artesanales, nos encantar\u00eda escucharle.\",\"breadcrumb\":{\"@id\":\"https:\/\/www.simfoniagelateria.cat\/es\/contacto\/#breadcrumb\"},\"inLanguage\":\"es\",\"potentialAction\":[{\"@type\":\"ReadAction\",\"target\":[\"https:\/\/www.simfoniagelateria.cat\/es\/contacto\/\"]}]},{\"@type\":\"BreadcrumbList\",\"@id\":\"https:\/\/www.simfoniagelateria.cat\/es\/contacto\/#breadcrumb\",\"itemListElement\":[{\"@type\":\"ListItem\",\"position\":1,\"name\":\"Home\",\"item\":\"https:\/\/www.simfoniagelateria.cat\/es\/\"},{\"@type\":\"ListItem\",\"position\":2,\"name\":\"Contacto\"}]},{\"@type\":\"WebSite\",\"@id\":\"https:\/\/www.simfoniagelateria.cat\/es\/#website\",\"url\":\"https:\/\/www.simfoniagelateria.cat\/es\/\",\"name\":\"Simfonia Alta Gelateria\",\"description\":\"Gelats artesanals amb \u00e0nima. Fets amb la nostra llet, la nostra m\u00e0 i el nostre cor.\",\"publisher\":{\"@id\":\"https:\/\/www.simfoniagelateria.cat\/es\/#organization\"},\"potentialAction\":[{\"@type\":\"SearchAction\",\"target\":{\"@type\":\"EntryPoint\",\"urlTemplate\":\"https:\/\/www.simfoniagelateria.cat\/es\/?s={search_term_string}\"},\"query-input\":{\"@type\":\"PropertyValueSpecification\",\"valueRequired\":true,\"valueName\":\"search_term_string\"}}],\"inLanguage\":\"es\"},{\"@type\":\"Organization\",\"@id\":\"https:\/\/www.simfoniagelateria.cat\/es\/#organization\",\"name\":\"Simfonia Alta Gelateria\",\"url\":\"https:\/\/www.simfoniagelateria.cat\/es\/\",\"logo\":{\"@type\":\"ImageObject\",\"inLanguage\":\"es\",\"@id\":\"https:\/\/www.simfoniagelateria.cat\/es\/#\/schema\/logo\/image\/\",\"url\":\"https:\/\/www.simfoniagelateria.cat\/wp-content\/uploads\/2025\/10\/logo-simfonia.svg\",\"contentUrl\":\"https:\/\/www.simfoniagelateria.cat\/wp-content\/uploads\/2025\/10\/logo-simfonia.svg\",\"width\":220,\"height\":108,\"caption\":\"Simfonia Alta Gelateria\"},\"image\":{\"@id\":\"https:\/\/www.simfoniagelateria.cat\/es\/#\/schema\/logo\/image\/\"}}]}<\/script>\n<!-- \/ Yoast SEO plugin. -->","yoast_head_json":{"title":"Contacto - Simfonia Alta Gelateria","description":"Si tiene un restaurante, cafeter\u00eda, comercio o simplemente desea saber m\u00e1s sobre nuestros helados artesanales, nos encantar\u00eda escucharle.","robots":{"index":"index","follow":"follow","max-snippet":"max-snippet:-1","max-image-preview":"max-image-preview:large","max-video-preview":"max-video-preview:-1"},"canonical":"https:\/\/www.simfoniagelateria.cat\/es\/contacto\/","og_locale":"es_ES","og_type":"article","og_title":"Contacto - Simfonia Alta Gelateria","og_description":"Si tiene un restaurante, cafeter\u00eda, comercio o simplemente desea saber m\u00e1s sobre nuestros helados artesanales, nos encantar\u00eda escucharle.","og_url":"https:\/\/www.simfoniagelateria.cat\/es\/contacto\/","og_site_name":"Simfonia Alta Gelateria","article_modified_time":"2026-01-26T10:24:22+00:00","twitter_card":"summary_large_image","twitter_misc":{"Tiempo de lectura":"1 minuto"},"schema":{"@context":"https:\/\/schema.org","@graph":[{"@type":"WebPage","@id":"https:\/\/www.simfoniagelateria.cat\/es\/contacto\/","url":"https:\/\/www.simfoniagelateria.cat\/es\/contacto\/","name":"Contacto - Simfonia Alta Gelateria","isPartOf":{"@id":"https:\/\/www.simfoniagelateria.cat\/es\/#website"},"datePublished":"2025-10-06T12:10:09+00:00","dateModified":"2026-01-26T10:24:22+00:00","description":"Si tiene un restaurante, cafeter\u00eda, comercio o simplemente desea saber m\u00e1s sobre nuestros helados artesanales, nos encantar\u00eda escucharle.","breadcrumb":{"@id":"https:\/\/www.simfoniagelateria.cat\/es\/contacto\/#breadcrumb"},"inLanguage":"es","potentialAction":[{"@type":"ReadAction","target":["https:\/\/www.simfoniagelateria.cat\/es\/contacto\/"]}]},{"@type":"BreadcrumbList","@id":"https:\/\/www.simfoniagelateria.cat\/es\/contacto\/#breadcrumb","itemListElement":[{"@type":"ListItem","position":1,"name":"Home","item":"https:\/\/www.simfoniagelateria.cat\/es\/"},{"@type":"ListItem","position":2,"name":"Contacto"}]},{"@type":"WebSite","@id":"https:\/\/www.simfoniagelateria.cat\/es\/#website","url":"https:\/\/www.simfoniagelateria.cat\/es\/","name":"Simfonia Alta Gelateria","description":"Gelats artesanals amb \u00e0nima. Fets amb la nostra llet, la nostra m\u00e0 i el nostre cor.","publisher":{"@id":"https:\/\/www.simfoniagelateria.cat\/es\/#organization"},"potentialAction":[{"@type":"SearchAction","target":{"@type":"EntryPoint","urlTemplate":"https:\/\/www.simfoniagelateria.cat\/es\/?s={search_term_string}"},"query-input":{"@type":"PropertyValueSpecification","valueRequired":true,"valueName":"search_term_string"}}],"inLanguage":"es"},{"@type":"Organization","@id":"https:\/\/www.simfoniagelateria.cat\/es\/#organization","name":"Simfonia Alta Gelateria","url":"https:\/\/www.simfoniagelateria.cat\/es\/","logo":{"@type":"ImageObject","inLanguage":"es","@id":"https:\/\/www.simfoniagelateria.cat\/es\/#\/schema\/logo\/image\/","url":"https:\/\/www.simfoniagelateria.cat\/wp-content\/uploads\/2025\/10\/logo-simfonia.svg","contentUrl":"https:\/\/www.simfoniagelateria.cat\/wp-content\/uploads\/2025\/10\/logo-simfonia.svg","width":220,"height":108,"caption":"Simfonia Alta Gelateria"},"image":{"@id":"https:\/\/www.simfoniagelateria.cat\/es\/#\/schema\/logo\/image\/"}}]}},"_links":{"self":[{"href":"https:\/\/www.simfoniagelateria.cat\/es\/wp-json\/wp\/v2\/pages\/253","targetHints":{"allow":["GET"]}}],"collection":[{"href":"https:\/\/www.simfoniagelateria.cat\/es\/wp-json\/wp\/v2\/pages"}],"about":[{"href":"https:\/\/www.simfoniagelateria.cat\/es\/wp-json\/wp\/v2\/types\/page"}],"author":[{"embeddable":true,"href":"https:\/\/www.simfoniagelateria.cat\/es\/wp-json\/wp\/v2\/users\/1"}],"replies":[{"embeddable":true,"href":"https:\/\/www.simfoniagelateria.cat\/es\/wp-json\/wp\/v2\/comments?post=253"}],"version-history":[{"count":5,"href":"https:\/\/www.simfoniagelateria.cat\/es\/wp-json\/wp\/v2\/pages\/253\/revisions"}],"predecessor-version":[{"id":403,"href":"https:\/\/www.simfoniagelateria.cat\/es\/wp-json\/wp\/v2\/pages\/253\/revisions\/403"}],"wp:attachment":[{"href":"https:\/\/www.simfoniagelateria.cat\/es\/wp-json\/wp\/v2\/media?parent=253"}],"curies":[{"name":"wp","href":"https:\/\/api.w.org\/{rel}","templated":true}]}}