{"id":255,"date":"2025-10-06T14:10:01","date_gmt":"2025-10-06T12:10:01","guid":{"rendered":"https:\/\/www.simfoniagelateria.cat\/distribucion\/"},"modified":"2026-01-26T12:26:58","modified_gmt":"2026-01-26T10:26:58","slug":"distribucion","status":"publish","type":"page","link":"https:\/\/www.simfoniagelateria.cat\/es\/distribucion\/","title":{"rendered":"Distribuci\u00f3n"},"content":{"rendered":"\t\t<div data-elementor-type=\"wp-page\" data-elementor-id=\"255\" class=\"elementor elementor-255 elementor-26\" data-elementor-post-type=\"page\">\n\t\t\t\t<div class=\"elementor-element elementor-element-810e8ba e-flex e-con-boxed e-con e-parent\" data-id=\"810e8ba\" data-element_type=\"container\" data-settings=\"{&quot;background_background&quot;:&quot;classic&quot;}\">\n\t\t\t\t\t<div class=\"e-con-inner\">\n\t\t\t\t<div class=\"elementor-element elementor-element-8713e9a elementor-widget elementor-widget-heading\" data-id=\"8713e9a\" data-element_type=\"widget\" data-widget_type=\"heading.default\">\n\t\t\t\t\t<h1 class=\"elementor-heading-title elementor-size-default\">De nuestro obrador en tu establecimiento.<\/h1>\t\t\t\t<\/div>\n\t\t\t\t<div class=\"elementor-element elementor-element-3a1c1ab elementor-widget elementor-widget-text-editor\" data-id=\"3a1c1ab\" data-element_type=\"widget\" data-widget_type=\"text-editor.default\">\n\t\t\t\t\t\t\t\t\t<p>Sin intermediarios, con el m\u00e1ximo cuidado.<\/p>\t\t\t\t\t\t\t\t<\/div>\n\t\t\t\t\t<\/div>\n\t\t\t\t<\/div>\n\t\t<div class=\"elementor-element elementor-element-36638a8e e-flex e-con-boxed e-con e-parent\" data-id=\"36638a8e\" data-element_type=\"container\">\n\t\t\t\t\t<div class=\"e-con-inner\">\n\t\t\t\t<div class=\"elementor-element elementor-element-d12a0a3 elementor-widget elementor-widget-heading\" data-id=\"d12a0a3\" data-element_type=\"widget\" data-widget_type=\"heading.default\">\n\t\t\t\t\t<h2 class=\"elementor-heading-title elementor-size-default\">En Sinfon\u00eda Alta Helader\u00eda creemos que un buen helado no s\u00f3lo debe hacerse bien \u2014tambi\u00e9n llegar bien.<\/h2>\t\t\t\t<\/div>\n\t\t\t\t<div class=\"elementor-element elementor-element-66ab3ddd elementor-widget elementor-widget-text-editor\" data-id=\"66ab3ddd\" data-element_type=\"widget\" data-widget_type=\"text-editor.default\">\n\t\t\t\t\t\t\t\t\t<p>Por eso, nos encargamos <strong>personalmente<\/strong> de todo el proceso de distribuci\u00f3n.<\/p><p>Disponemos de <strong>veh\u00edculo refrigerado propio<\/strong>, y hacemos el <strong>reparto directo a nuestros clientes<\/strong> del sector gastron\u00f3mico y comercios de proximidad. Esto nos permite garantizar que <strong>los helados llegan siempre frescos<\/strong>, bien conservados ya tiempo, sin perder ni una brizna de calidad por el camino.<\/p><p>Adaptaremos la entrega a tu ritmo y necesidades, ofreciendo un servicio flexible y cercano, porque <strong>queremos formar parte de tu \u00e9xito<\/strong>.<\/p>\t\t\t\t\t\t\t\t<\/div>\n\t\t\t\t\t<\/div>\n\t\t\t\t<\/div>\n\t\t<div class=\"elementor-element elementor-element-0266f7f e-flex e-con-boxed e-con e-parent\" data-id=\"0266f7f\" data-element_type=\"container\">\n\t\t\t\t\t<div class=\"e-con-inner\">\n\t\t\t\t<div class=\"elementor-element elementor-element-0a648b8 elementor-widget elementor-widget-formidable\" data-id=\"0a648b8\" data-element_type=\"widget\" data-widget_type=\"formidable.default\">\n\t\t\t\t<div class=\"elementor-widget-container\">\n\t\t\t\t\t<div class=\"frm_forms  with_frm_style frm_style_formidable-style\" id=\"frm_form_3_container\" >\n<form enctype=\"multipart\/form-data\" method=\"post\" class=\"frm-show-form  frm_pro_form \" id=\"form_distribuidors\" >\n<div class=\"frm_form_fields \">\n<fieldset>\n<legend class=\"frm_screen_reader\"> Distribuidores<\/legend>\r\n\r\n<div class=\"frm_fields_container\">\n<input type=\"hidden\" name=\"frm_action\" value=\"create\" \/>\n<input type=\"hidden\" name=\"form_id\" value=\"3\" \/>\n<input type=\"hidden\" name=\"frm_hide_fields_3\" id=\"frm_hide_fields_3\" value=\"\" \/>\n<input type=\"hidden\" name=\"form_key\" value=\"distribuidors\" \/>\n<input type=\"hidden\" name=\"item_meta[0]\" value=\"\" \/>\n<input type=\"hidden\" id=\"frm_submit_entry_3\" name=\"frm_submit_entry_3\" value=\"d2645a9c08\" \/><input type=\"hidden\" name=\"_wp_http_referer\" value=\"\/es\/wp-json\/wp\/v2\/pages\/255\" \/><div id=\"frm_field_13_container\" class=\"frm_form_field form-field  frm_required_field frm_top_container frm6 frm_first\">\r\n\t<label for=\"field_w7fj02\" id=\"field_w7fj02_label\" class=\"frm_primary_label\">Nombre\r\n\t\t<span class=\"frm_required\" aria-hidden=\"true\">*<\/span>\r\n\t<\/label>\r\n\t<input  type=\"text\" id=\"field_w7fj02\" name=\"item_meta[13]\" value=\"\"  data-reqmsg=\" Nombre no puede estar en blanco. \" aria-required=\"true\" data-invmsg=\"Nombre is invalid\" aria-invalid=\"false\"   \/>\r\n\t\r\n\t\r\n<\/div>\n<div id=\"frm_field_14_container\" class=\"frm_form_field form-field  frm_required_field frm_top_container frm6\">\r\n\t<label for=\"field_dx61l2\" id=\"field_dx61l2_label\" class=\"frm_primary_label\">Apellidos\r\n\t\t<span class=\"frm_required\" aria-hidden=\"true\">*<\/span>\r\n\t<\/label>\r\n\t<input  type=\"text\" id=\"field_dx61l2\" name=\"item_meta[14]\" value=\"\"  data-reqmsg=\" Apellidos no puede estar en blanco. \" aria-required=\"true\" data-invmsg=\"Apellidos is invalid\" aria-invalid=\"false\"   \/>\r\n\t\r\n\t\r\n<\/div>\n<div id=\"frm_field_15_container\" class=\"frm_form_field form-field  frm_top_container frm6 frm_first\">\r\n\t<label for=\"field_dhsd52\" id=\"field_dhsd52_label\" class=\"frm_primary_label\">Tel\u00e9fono\r\n\t\t<span class=\"frm_required\" aria-hidden=\"true\"><\/span>\r\n\t<\/label>\r\n\t<input type=\"tel\" id=\"field_dhsd52\" name=\"item_meta[15]\" value=\"\"  data-invmsg=\"Tel\u00e9fono no es v\u00e1lido\" aria-invalid=\"false\" pattern=\"((\\+\\d{1,3}(-|.| )?\\(?\\d\\)?(-| |.)?\\d{1,5})|(\\(?\\d{2,6}\\)?))(-|.| )?(\\d{3,4})(-|.| )?(\\d{4})(( x| ext)\\d{1,5}){0,1}$\"  \/>\r\n\t\r\n\t\r\n<\/div>\n<div id=\"frm_field_16_container\" class=\"frm_form_field form-field  frm_required_field frm_top_container frm6\">\r\n\t<label for=\"field_mmckx2\" id=\"field_mmckx2_label\" class=\"frm_primary_label\">Email\r\n\t\t<span class=\"frm_required\" aria-hidden=\"true\">*<\/span>\r\n\t<\/label>\r\n\t<input type=\"email\" id=\"field_mmckx2\" name=\"item_meta[16]\" value=\"\"  autocomplete=\"email\"  data-reqmsg=\" Email no puede estar en blanco. \" aria-required=\"true\" data-invmsg=\"Email no es v\u00e1lido\" aria-invalid=\"false\"  \/>\r\n\t\r\n\t\r\n<\/div>\n<div id=\"frm_field_18_container\" class=\"frm_form_field form-field  frm_required_field frm_top_container\">\r\n\t<label for=\"field_kea3t2\" id=\"field_kea3t2_label\" class=\"frm_primary_label\">Mensaje\r\n\t\t<span class=\"frm_required\" aria-hidden=\"true\">*<\/span>\r\n\t<\/label>\r\n\t<textarea name=\"item_meta[18]\" id=\"field_kea3t2\" rows=\"5\"  data-reqmsg=\" Mensaje no puede estar en blanco. \" aria-required=\"true\" data-invmsg=\"Mensaje no es v\u00e1lido\" aria-invalid=\"false\"  ><\/textarea>\r\n\t\r\n\t\r\n<\/div>\n<div id=\"frm_field_19_container\" class=\"frm_form_field form-field  frm_required_field frm_top_container vertical_radio\">\r\n\t<div  id=\"field_2raoi2_label\" class=\"frm_primary_label\">\r\n\t\t<span class=\"frm_required\" aria-hidden=\"true\"><\/span>\r\n\t<\/div>\r\n\t<div class=\"frm_opt_container\" aria-labelledby=\"field_2raoi2_label\" role=\"group\">\t\t<div class=\"frm_checkbox\" id=\"frm_checkbox_19-0\">\t\t\t<label  for=\"field_2raoi2-0\">\n\t\t\t<input type=\"checkbox\" name=\"item_meta[19][]\" id=\"field_2raoi2-0\" value=\"He llegit i accepto la pol\u00edtica de privacitat.\"  data-reqmsg=\" Este campo no puede estar en blanco. \" data-invmsg=\"Este campo no es v\u00e1lido\"   aria-required=\"true\"  \/> He le\u00eddo y acepto la pol\u00edtica de privacidad.<\/label><\/div>\n<\/div>\r\n\t\r\n\t\r\n<\/div>\n<div id=\"frm_field_17_container\" class=\"frm_form_field form-field \">\r\n\t<div class=\"frm_submit frm_flex\">\r\n<button class=\"frm_button_submit frm_final_submit\" type=\"submit\"   formnovalidate=\"formnovalidate\">Enviar<\/button>\r\n\r\n\r\n\r\n<\/div>\r\n<\/div>\n\t<input type=\"hidden\" name=\"item_key\" value=\"\" \/>\n\t\t\t<div id=\"frm_field_20_container\">\n\t\t\t<label for=\"field_c7ivl\" >\n\t\t\t\tSi eres humano, deja este campo en blanco.\t\t\t<\/label>\n\t\t\t<input  id=\"field_c7ivl\" type=\"text\" class=\"frm_form_field form-field frm_verify\" name=\"item_meta[20]\" value=\"\"  \/>\n\t\t<\/div>\n\t\t<input name=\"frm_state\" type=\"hidden\" value=\"hlQqjne3GV6b6UOBhx5kKsS5brbEEzaEbBxdADMY5ijoHoiXjpSEA8gKnFlJGZtY\" \/><\/div>\n<\/fieldset>\n<\/div>\n\n<p style=\"display: none !important;\" class=\"akismet-fields-container\" data-prefix=\"ak_\"><label>&#916;<textarea name=\"ak_hp_textarea\" cols=\"45\" rows=\"8\" maxlength=\"100\"><\/textarea><\/label><input type=\"hidden\" id=\"ak_js_1\" name=\"ak_js\" value=\"113\"\/><script>document.getElementById( \"ak_js_1\" ).setAttribute( \"value\", ( new Date() ).getTime() );<\/script><\/p><\/form>\n<\/div>\n\t\t\t\t<\/div>\n\t\t\t\t<\/div>\n\t\t\t\t\t<\/div>\n\t\t\t\t<\/div>\n\t\t\t\t<\/div>\n\t\t","protected":false},"excerpt":{"rendered":"<p>De nuestro obrador en tu establecimiento. Sin intermediarios, con el m\u00e1ximo cuidado. En Sinfon\u00eda Alta Helader\u00eda creemos que un buen helado no s\u00f3lo debe hacerse bien \u2014tambi\u00e9n llegar bien. Por eso, nos encargamos personalmente de todo el proceso de distribuci\u00f3n. Disponemos de veh\u00edculo refrigerado propio, y hacemos el reparto directo a nuestros clientes del sector [&hellip;]<\/p>\n","protected":false},"author":1,"featured_media":0,"parent":0,"menu_order":0,"comment_status":"closed","ping_status":"closed","template":"elementor_header_footer","meta":{"footnotes":""},"class_list":["post-255","page","type-page","status-publish","hentry"],"yoast_head":"<!-- This site is optimized with the Yoast SEO plugin v26.8 - https:\/\/yoast.com\/product\/yoast-seo-wordpress\/ -->\n<title>Distribuci\u00f3n - Simfonia Alta Gelateria<\/title>\n<meta name=\"description\" content=\"De nuestro obrador a su establecimiento. En Simfonia Alta Gelateria creemos que un buen helado no solo debe hacerse bien, sino que tambi\u00e9n debe llegar bien.\" \/>\n<meta name=\"robots\" content=\"index, follow, max-snippet:-1, max-image-preview:large, max-video-preview:-1\" \/>\n<link rel=\"canonical\" href=\"https:\/\/www.simfoniagelateria.cat\/es\/distribucion\/\" \/>\n<meta property=\"og:locale\" content=\"es_ES\" \/>\n<meta property=\"og:type\" content=\"article\" \/>\n<meta property=\"og:title\" content=\"Distribuci\u00f3n - Simfonia Alta Gelateria\" \/>\n<meta property=\"og:description\" content=\"De nuestro obrador a su establecimiento. En Simfonia Alta Gelateria creemos que un buen helado no solo debe hacerse bien, sino que tambi\u00e9n debe llegar bien.\" \/>\n<meta property=\"og:url\" content=\"https:\/\/www.simfoniagelateria.cat\/es\/distribucion\/\" \/>\n<meta property=\"og:site_name\" content=\"Simfonia Alta Gelateria\" \/>\n<meta property=\"article:modified_time\" content=\"2026-01-26T10:26:58+00:00\" \/>\n<meta name=\"twitter:card\" content=\"summary_large_image\" \/>\n<meta name=\"twitter:label1\" content=\"Tiempo de lectura\" \/>\n\t<meta name=\"twitter:data1\" content=\"1 minuto\" \/>\n<script type=\"application\/ld+json\" class=\"yoast-schema-graph\">{\"@context\":\"https:\/\/schema.org\",\"@graph\":[{\"@type\":\"WebPage\",\"@id\":\"https:\/\/www.simfoniagelateria.cat\/es\/distribucion\/\",\"url\":\"https:\/\/www.simfoniagelateria.cat\/es\/distribucion\/\",\"name\":\"Distribuci\u00f3n - Simfonia Alta Gelateria\",\"isPartOf\":{\"@id\":\"https:\/\/www.simfoniagelateria.cat\/es\/#website\"},\"datePublished\":\"2025-10-06T12:10:01+00:00\",\"dateModified\":\"2026-01-26T10:26:58+00:00\",\"description\":\"De nuestro obrador a su establecimiento. En Simfonia Alta Gelateria creemos que un buen helado no solo debe hacerse bien, sino que tambi\u00e9n debe llegar bien.\",\"breadcrumb\":{\"@id\":\"https:\/\/www.simfoniagelateria.cat\/es\/distribucion\/#breadcrumb\"},\"inLanguage\":\"es\",\"potentialAction\":[{\"@type\":\"ReadAction\",\"target\":[\"https:\/\/www.simfoniagelateria.cat\/es\/distribucion\/\"]}]},{\"@type\":\"BreadcrumbList\",\"@id\":\"https:\/\/www.simfoniagelateria.cat\/es\/distribucion\/#breadcrumb\",\"itemListElement\":[{\"@type\":\"ListItem\",\"position\":1,\"name\":\"Home\",\"item\":\"https:\/\/www.simfoniagelateria.cat\/es\/\"},{\"@type\":\"ListItem\",\"position\":2,\"name\":\"Distribuci\u00f3n\"}]},{\"@type\":\"WebSite\",\"@id\":\"https:\/\/www.simfoniagelateria.cat\/es\/#website\",\"url\":\"https:\/\/www.simfoniagelateria.cat\/es\/\",\"name\":\"Simfonia Alta Gelateria\",\"description\":\"Gelats artesanals amb \u00e0nima. Fets amb la nostra llet, la nostra m\u00e0 i el nostre cor.\",\"publisher\":{\"@id\":\"https:\/\/www.simfoniagelateria.cat\/es\/#organization\"},\"potentialAction\":[{\"@type\":\"SearchAction\",\"target\":{\"@type\":\"EntryPoint\",\"urlTemplate\":\"https:\/\/www.simfoniagelateria.cat\/es\/?s={search_term_string}\"},\"query-input\":{\"@type\":\"PropertyValueSpecification\",\"valueRequired\":true,\"valueName\":\"search_term_string\"}}],\"inLanguage\":\"es\"},{\"@type\":\"Organization\",\"@id\":\"https:\/\/www.simfoniagelateria.cat\/es\/#organization\",\"name\":\"Simfonia Alta Gelateria\",\"url\":\"https:\/\/www.simfoniagelateria.cat\/es\/\",\"logo\":{\"@type\":\"ImageObject\",\"inLanguage\":\"es\",\"@id\":\"https:\/\/www.simfoniagelateria.cat\/es\/#\/schema\/logo\/image\/\",\"url\":\"https:\/\/www.simfoniagelateria.cat\/wp-content\/uploads\/2025\/10\/logo-simfonia.svg\",\"contentUrl\":\"https:\/\/www.simfoniagelateria.cat\/wp-content\/uploads\/2025\/10\/logo-simfonia.svg\",\"width\":220,\"height\":108,\"caption\":\"Simfonia Alta Gelateria\"},\"image\":{\"@id\":\"https:\/\/www.simfoniagelateria.cat\/es\/#\/schema\/logo\/image\/\"}}]}<\/script>\n<!-- \/ Yoast SEO plugin. -->","yoast_head_json":{"title":"Distribuci\u00f3n - Simfonia Alta Gelateria","description":"De nuestro obrador a su establecimiento. En Simfonia Alta Gelateria creemos que un buen helado no solo debe hacerse bien, sino que tambi\u00e9n debe llegar bien.","robots":{"index":"index","follow":"follow","max-snippet":"max-snippet:-1","max-image-preview":"max-image-preview:large","max-video-preview":"max-video-preview:-1"},"canonical":"https:\/\/www.simfoniagelateria.cat\/es\/distribucion\/","og_locale":"es_ES","og_type":"article","og_title":"Distribuci\u00f3n - Simfonia Alta Gelateria","og_description":"De nuestro obrador a su establecimiento. En Simfonia Alta Gelateria creemos que un buen helado no solo debe hacerse bien, sino que tambi\u00e9n debe llegar bien.","og_url":"https:\/\/www.simfoniagelateria.cat\/es\/distribucion\/","og_site_name":"Simfonia Alta Gelateria","article_modified_time":"2026-01-26T10:26:58+00:00","twitter_card":"summary_large_image","twitter_misc":{"Tiempo de lectura":"1 minuto"},"schema":{"@context":"https:\/\/schema.org","@graph":[{"@type":"WebPage","@id":"https:\/\/www.simfoniagelateria.cat\/es\/distribucion\/","url":"https:\/\/www.simfoniagelateria.cat\/es\/distribucion\/","name":"Distribuci\u00f3n - Simfonia Alta Gelateria","isPartOf":{"@id":"https:\/\/www.simfoniagelateria.cat\/es\/#website"},"datePublished":"2025-10-06T12:10:01+00:00","dateModified":"2026-01-26T10:26:58+00:00","description":"De nuestro obrador a su establecimiento. En Simfonia Alta Gelateria creemos que un buen helado no solo debe hacerse bien, sino que tambi\u00e9n debe llegar bien.","breadcrumb":{"@id":"https:\/\/www.simfoniagelateria.cat\/es\/distribucion\/#breadcrumb"},"inLanguage":"es","potentialAction":[{"@type":"ReadAction","target":["https:\/\/www.simfoniagelateria.cat\/es\/distribucion\/"]}]},{"@type":"BreadcrumbList","@id":"https:\/\/www.simfoniagelateria.cat\/es\/distribucion\/#breadcrumb","itemListElement":[{"@type":"ListItem","position":1,"name":"Home","item":"https:\/\/www.simfoniagelateria.cat\/es\/"},{"@type":"ListItem","position":2,"name":"Distribuci\u00f3n"}]},{"@type":"WebSite","@id":"https:\/\/www.simfoniagelateria.cat\/es\/#website","url":"https:\/\/www.simfoniagelateria.cat\/es\/","name":"Simfonia Alta Gelateria","description":"Gelats artesanals amb \u00e0nima. Fets amb la nostra llet, la nostra m\u00e0 i el nostre cor.","publisher":{"@id":"https:\/\/www.simfoniagelateria.cat\/es\/#organization"},"potentialAction":[{"@type":"SearchAction","target":{"@type":"EntryPoint","urlTemplate":"https:\/\/www.simfoniagelateria.cat\/es\/?s={search_term_string}"},"query-input":{"@type":"PropertyValueSpecification","valueRequired":true,"valueName":"search_term_string"}}],"inLanguage":"es"},{"@type":"Organization","@id":"https:\/\/www.simfoniagelateria.cat\/es\/#organization","name":"Simfonia Alta Gelateria","url":"https:\/\/www.simfoniagelateria.cat\/es\/","logo":{"@type":"ImageObject","inLanguage":"es","@id":"https:\/\/www.simfoniagelateria.cat\/es\/#\/schema\/logo\/image\/","url":"https:\/\/www.simfoniagelateria.cat\/wp-content\/uploads\/2025\/10\/logo-simfonia.svg","contentUrl":"https:\/\/www.simfoniagelateria.cat\/wp-content\/uploads\/2025\/10\/logo-simfonia.svg","width":220,"height":108,"caption":"Simfonia Alta Gelateria"},"image":{"@id":"https:\/\/www.simfoniagelateria.cat\/es\/#\/schema\/logo\/image\/"}}]}},"_links":{"self":[{"href":"https:\/\/www.simfoniagelateria.cat\/es\/wp-json\/wp\/v2\/pages\/255","targetHints":{"allow":["GET"]}}],"collection":[{"href":"https:\/\/www.simfoniagelateria.cat\/es\/wp-json\/wp\/v2\/pages"}],"about":[{"href":"https:\/\/www.simfoniagelateria.cat\/es\/wp-json\/wp\/v2\/types\/page"}],"author":[{"embeddable":true,"href":"https:\/\/www.simfoniagelateria.cat\/es\/wp-json\/wp\/v2\/users\/1"}],"replies":[{"embeddable":true,"href":"https:\/\/www.simfoniagelateria.cat\/es\/wp-json\/wp\/v2\/comments?post=255"}],"version-history":[{"count":5,"href":"https:\/\/www.simfoniagelateria.cat\/es\/wp-json\/wp\/v2\/pages\/255\/revisions"}],"predecessor-version":[{"id":406,"href":"https:\/\/www.simfoniagelateria.cat\/es\/wp-json\/wp\/v2\/pages\/255\/revisions\/406"}],"wp:attachment":[{"href":"https:\/\/www.simfoniagelateria.cat\/es\/wp-json\/wp\/v2\/media?parent=255"}],"curies":[{"name":"wp","href":"https:\/\/api.w.org\/{rel}","templated":true}]}}