{"id":258,"date":"2025-10-06T14:09:37","date_gmt":"2025-10-06T12:09:37","guid":{"rendered":"https:\/\/www.simfoniagelateria.cat\/nuestros-productos\/"},"modified":"2026-01-26T12:37:15","modified_gmt":"2026-01-26T10:37:15","slug":"nuestros-productos","status":"publish","type":"page","link":"https:\/\/www.simfoniagelateria.cat\/es\/nuestros-productos\/","title":{"rendered":"Nuestros productos"},"content":{"rendered":"\t\t<div data-elementor-type=\"wp-page\" data-elementor-id=\"258\" class=\"elementor elementor-258 elementor-22\" data-elementor-post-type=\"page\">\n\t\t\t\t<div class=\"elementor-element elementor-element-e19bdaf e-flex e-con-boxed e-con e-parent\" data-id=\"e19bdaf\" data-element_type=\"container\" data-settings=\"{&quot;background_background&quot;:&quot;classic&quot;}\">\n\t\t\t\t\t<div class=\"e-con-inner\">\n\t\t\t\t<div class=\"elementor-element elementor-element-0bb4376 elementor-widget elementor-widget-heading\" data-id=\"0bb4376\" data-element_type=\"widget\" data-widget_type=\"heading.default\">\n\t\t\t\t\t<h1 class=\"elementor-heading-title elementor-size-default\">Nuestros productos<\/h1>\t\t\t\t<\/div>\n\t\t\t\t<div class=\"elementor-element elementor-element-a7968a9 elementor-widget elementor-widget-text-editor\" data-id=\"a7968a9\" data-element_type=\"widget\" data-widget_type=\"text-editor.default\">\n\t\t\t\t\t\t\t\t\t<p>Helados artesanales para cada ocasi\u00f3n, con el mismo esp\u00edritu de excelencia<\/p>\t\t\t\t\t\t\t\t<\/div>\n\t\t\t\t\t<\/div>\n\t\t\t\t<\/div>\n\t\t<div class=\"elementor-element elementor-element-30cecb4 e-flex e-con-boxed e-con e-parent\" data-id=\"30cecb4\" data-element_type=\"container\">\n\t\t\t\t\t<div class=\"e-con-inner\">\n\t\t\t\t<div class=\"elementor-element elementor-element-2c74bef elementor-widget elementor-widget-heading\" data-id=\"2c74bef\" data-element_type=\"widget\" data-widget_type=\"heading.default\">\n\t\t\t\t\t<h2 class=\"elementor-heading-title elementor-size-default\">En Sinfon\u00eda Alta Helader\u00eda elaboramos helados artesanales con ingredientes naturales y nuestra propia leche fresca de granja, combinando la tradici\u00f3n italiana con un enfoque gourmet.<\/h2>\t\t\t\t<\/div>\n\t\t\t\t<div class=\"elementor-element elementor-element-9d6b795 elementor-widget elementor-widget-text-editor\" data-id=\"9d6b795\" data-element_type=\"widget\" data-widget_type=\"text-editor.default\">\n\t\t\t\t\t\t\t\t\t<p>Ofrecemos formatos adaptados a diferentes necesidades, sin comprometer nunca la calidad ni la esencia artesanal:<\/p>\t\t\t\t\t\t\t\t<\/div>\n\t\t\t\t\t<\/div>\n\t\t\t\t<\/div>\n\t\t<div class=\"elementor-element elementor-element-1228df0 e-flex e-con-boxed e-con e-parent\" data-id=\"1228df0\" data-element_type=\"container\">\n\t\t\t\t\t<div class=\"e-con-inner\">\n\t\t<div class=\"elementor-element elementor-element-19c56de e-con-full e-flex e-con e-child\" data-id=\"19c56de\" data-element_type=\"container\">\n\t\t\t\t<div class=\"elementor-element elementor-element-88f1e78 elementor-widget elementor-widget-heading\" data-id=\"88f1e78\" data-element_type=\"widget\" data-widget_type=\"heading.default\">\n\t\t\t\t\t<h2 class=\"elementor-heading-title elementor-size-default\">Formato profesional<br>Terranas de 2,5 L<\/h2>\t\t\t\t<\/div>\n\t\t\t\t<div class=\"elementor-element elementor-element-80e8b32 elementor-widget elementor-widget-text-editor\" data-id=\"80e8b32\" data-element_type=\"widget\" data-widget_type=\"text-editor.default\">\n\t\t\t\t\t\t\t\t\t<p>Ideal para restaurantes y cocinas profesionales que sirven helado en el plato.<\/p><ul><li>Sabores cl\u00e1sicos y gourmet<\/li><li>Alta palatabilidad y textura cremosa<\/li><li>Pensado para integrarse en postres elaborados<\/li><\/ul>\t\t\t\t\t\t\t\t<\/div>\n\t\t\t\t<\/div>\n\t\t<div class=\"elementor-element elementor-element-2c5008f e-con-full e-flex e-con e-child\" data-id=\"2c5008f\" data-element_type=\"container\">\n\t\t\t\t<div class=\"elementor-element elementor-element-cca33f3 elementor-widget elementor-widget-heading\" data-id=\"cca33f3\" data-element_type=\"widget\" data-widget_type=\"heading.default\">\n\t\t\t\t\t<h2 class=\"elementor-heading-title elementor-size-default\">Formato individual<br>Cremolinos de 125 ml<\/h2>\t\t\t\t<\/div>\n\t\t\t\t<div class=\"elementor-element elementor-element-e3d4f51 elementor-widget elementor-widget-text-editor\" data-id=\"e3d4f51\" data-element_type=\"widget\" data-widget_type=\"text-editor.default\">\n\t\t\t\t\t\t\t\t\t<p>Helados envasados \u200b\u200bindividualmente, perfectos para restauradores que ofrecen postres listos para servir.<\/p><ul><li>Presentaci\u00f3n cuidada y pr\u00e1ctica<\/li><li>Formato limpio y eficiente<\/li><li>Ideal para hoteles, caterings y espacios donde se prioriza el servicio r\u00e1pido<\/li><\/ul>\t\t\t\t\t\t\t\t<\/div>\n\t\t\t\t<\/div>\n\t\t<div class=\"elementor-element elementor-element-8db410e e-con-full e-flex e-con e-child\" data-id=\"8db410e\" data-element_type=\"container\">\n\t\t\t\t<div class=\"elementor-element elementor-element-519e8b2 elementor-widget elementor-widget-heading\" data-id=\"519e8b2\" data-element_type=\"widget\" data-widget_type=\"heading.default\">\n\t\t\t\t\t<h2 class=\"elementor-heading-title elementor-size-default\">3. Formato familiar<br>500 ml<\/h2>\t\t\t\t<\/div>\n\t\t\t\t<div class=\"elementor-element elementor-element-119cbac elementor-widget elementor-widget-text-editor\" data-id=\"119cbac\" data-element_type=\"widget\" data-widget_type=\"text-editor.default\">\n\t\t\t\t\t\t\t\t\t<p>Helados con personalidad propia. Aut\u00e9nticos. Honestamente buenos.<\/p><p>Este formato est\u00e1 pensado para comercios locales y clientes finales que quieran llevarse a casa un producto gourmet, hecho como antes, pero con un toque de proximidad y buen humor.<\/p>\t\t\t\t\t\t\t\t<\/div>\n\t\t\t\t<\/div>\n\t\t\t\t\t<\/div>\n\t\t\t\t<\/div>\n\t\t<div class=\"elementor-element elementor-element-d424810 e-flex e-con-boxed e-con e-parent\" data-id=\"d424810\" data-element_type=\"container\" data-settings=\"{&quot;background_background&quot;:&quot;classic&quot;}\">\n\t\t\t\t\t<div class=\"e-con-inner\">\n\t\t\t\t<div class=\"elementor-element elementor-element-f0372af elementor-widget elementor-widget-heading\" data-id=\"f0372af\" data-element_type=\"widget\" data-widget_type=\"heading.default\">\n\t\t\t\t\t<h3 class=\"elementor-heading-title elementor-size-default\">Porque el helado, cuando es aut\u00e9ntico, no s\u00f3lo se come \u2014 se ama.<\/h3>\t\t\t\t<\/div>\n\t\t\t\t\t<\/div>\n\t\t\t\t<\/div>\n\t\t<div class=\"elementor-element elementor-element-5fe690b e-flex e-con-boxed e-con e-parent\" data-id=\"5fe690b\" data-element_type=\"container\">\n\t\t\t\t\t<div class=\"e-con-inner\">\n\t\t<div class=\"elementor-element elementor-element-f4fa5d9 e-con-full e-flex e-con e-child\" data-id=\"f4fa5d9\" data-element_type=\"container\">\n\t\t\t\t<div class=\"elementor-element elementor-element-34376a4 elementor-widget elementor-widget-heading\" data-id=\"34376a4\" data-element_type=\"widget\" data-widget_type=\"heading.default\">\n\t\t\t\t\t<h2 class=\"elementor-heading-title elementor-size-default\">Cada sabor tiene su propia voz:<\/h2>\t\t\t\t<\/div>\n\t\t<div class=\"elementor-element elementor-element-6f363ef e-grid e-con-full e-con e-child\" data-id=\"6f363ef\" data-element_type=\"container\">\n\t\t\t\t<div class=\"elementor-element elementor-element-6036fff elementor-widget elementor-widget-image-box\" data-id=\"6036fff\" data-element_type=\"widget\" data-widget_type=\"image-box.default\">\n\t\t\t\t\t<div class=\"elementor-image-box-wrapper\"><div class=\"elementor-image-box-content\"><h3 class=\"elementor-image-box-title\">Chocolate 70%<\/h3><p class=\"elementor-image-box-description\">Este helado lleva chocolate 70% cacao, muy cacao y, todo el sabor intenso que hace decir \"mmm!\". Es ese punto justo entre dulce y amargo que engancha de mala manera... Avisado\/a est\u00e1s.<\/p><\/div><\/div>\t\t\t\t<\/div>\n\t\t\t\t<div class=\"elementor-element elementor-element-53991f3 elementor-widget elementor-widget-image-box\" data-id=\"53991f3\" data-element_type=\"widget\" data-widget_type=\"image-box.default\">\n\t\t\t\t\t<div class=\"elementor-image-box-wrapper\"><div class=\"elementor-image-box-content\"><h3 class=\"elementor-image-box-title\">Turr\u00f3n de Jijona (DOP)<\/h3><p class=\"elementor-image-box-description\">Hacemos este helado con aut\u00e9ntico turr\u00f3n de Jijona con DOP, el de verdad, hecho con almendras buenas de verdad. Cremoso, suave y con ese gusto que te lleva directo a Navidad... \u00a1aunque sea agosto!<\/p><\/div><\/div>\t\t\t\t<\/div>\n\t\t\t\t<div class=\"elementor-element elementor-element-fbb258c elementor-widget elementor-widget-image-box\" data-id=\"fbb258c\" data-element_type=\"widget\" data-widget_type=\"image-box.default\">\n\t\t\t\t\t<div class=\"elementor-image-box-wrapper\"><div class=\"elementor-image-box-content\"><h3 class=\"elementor-image-box-title\">Pistacho<\/h3><p class=\"elementor-image-box-description\">Este helado lleva pasta de pistacho 100%, nada de aromas ni polvo raro. S\u00f3lo el sabor intenso y cremoso del buen pistacho... o pistacho... como quieras decirle.<\/p><\/div><\/div>\t\t\t\t<\/div>\n\t\t\t\t<div class=\"elementor-element elementor-element-a7514b0 elementor-widget elementor-widget-image-box\" data-id=\"a7514b0\" data-element_type=\"widget\" data-widget_type=\"image-box.default\">\n\t\t\t\t\t<div class=\"elementor-image-box-wrapper\"><div class=\"elementor-image-box-content\"><h3 class=\"elementor-image-box-title\">Sorbete de Lim\u00f3n Femminello (IGP Siracusa)<\/h3><p class=\"elementor-image-box-description\">Utilizamos pur\u00e9 de lim\u00f3n Femminello con IGP Siracusa. \u00a1Qu\u00e9 se traduce a mucha frescura y acidez!<\/p><\/div><\/div>\t\t\t\t<\/div>\n\t\t\t\t<div class=\"elementor-element elementor-element-24ef8a4 elementor-widget elementor-widget-image-box\" data-id=\"24ef8a4\" data-element_type=\"widget\" data-widget_type=\"image-box.default\">\n\t\t\t\t\t<div class=\"elementor-image-box-wrapper\"><div class=\"elementor-image-box-content\"><h3 class=\"elementor-image-box-title\">Sorbete de Mandarina<\/h3><p class=\"elementor-image-box-description\">Sorbete de Mandarina, ideal para cuando quieres algo ligero, fresco y con mucho gusto... ...sin complicaciones!<\/p><\/div><\/div>\t\t\t\t<\/div>\n\t\t\t\t<div class=\"elementor-element elementor-element-b63389d elementor-widget elementor-widget-image-box\" data-id=\"b63389d\" data-element_type=\"widget\" data-widget_type=\"image-box.default\">\n\t\t\t\t\t<div class=\"elementor-image-box-wrapper\"><div class=\"elementor-image-box-content\"><h3 class=\"elementor-image-box-title\">Sorbete de frambuesa<\/h3><p class=\"elementor-image-box-description\">Este sorbete lleva un 35% de pur\u00e9 de frambuesa natural, unos 40-60 frambuesas (s\u00ed, hemos contado las frambuesas... m\u00e1s o menos). Con su toque \u00e1cido, el color intenso y cero romances, es como comerte el verano en cucharadas.<\/p><\/div><\/div>\t\t\t\t<\/div>\n\t\t\t\t<div class=\"elementor-element elementor-element-1fae75d elementor-widget elementor-widget-image-box\" data-id=\"1fae75d\" data-element_type=\"widget\" data-widget_type=\"image-box.default\">\n\t\t\t\t\t<div class=\"elementor-image-box-wrapper\"><div class=\"elementor-image-box-content\"><h3 class=\"elementor-image-box-title\">Sorbete de Mango y Fruta de la Pasi\u00f3n<\/h3><p class=\"elementor-image-box-description\">Sorbete tropical. Mezcla de mango maduro con fruta de la pasi\u00f3n (s\u00ed, maracuyano, si quieres sonar ex\u00f3tico) para darte una explosi\u00f3n de sabor dulce y \u00e1cido que te hace bailar la sonrisa.<\/p><\/div><\/div>\t\t\t\t<\/div>\n\t\t\t\t<div class=\"elementor-element elementor-element-ed169bb elementor-widget elementor-widget-image-box\" data-id=\"ed169bb\" data-element_type=\"widget\" data-widget_type=\"image-box.default\">\n\t\t\t\t\t<div class=\"elementor-image-box-wrapper\"><div class=\"elementor-image-box-content\"><h3 class=\"elementor-image-box-title\">Gianduja (chocolate con avellana)<\/h3><p class=\"elementor-image-box-description\">Chocolate y avellanas? \u00a1Decimos Gianduja y nos entendemos! Pura crema: una combinaci\u00f3n suave e irresistible de chocolate y avellanas tostadas, tal y como manda la tradici\u00f3n italiana.<\/p><\/div><\/div>\t\t\t\t<\/div>\n\t\t\t\t<div class=\"elementor-element elementor-element-386a18a elementor-widget elementor-widget-image-box\" data-id=\"386a18a\" data-element_type=\"widget\" data-widget_type=\"image-box.default\">\n\t\t\t\t\t<div class=\"elementor-image-box-wrapper\"><div class=\"elementor-image-box-content\"><h3 class=\"elementor-image-box-title\">Avellana<\/h3><p class=\"elementor-image-box-description\">Avellanas de verdad, tostadas y bien tratadas, para que el gusto sea suave, natural y buen\u00edsimo. Cremoso, honesto y sin complicaciones. Tal y como debe ser.<\/p><\/div><\/div>\t\t\t\t<\/div>\n\t\t\t\t<div class=\"elementor-element elementor-element-fdf9b79 elementor-widget elementor-widget-image-box\" data-id=\"fdf9b79\" data-element_type=\"widget\" data-widget_type=\"image-box.default\">\n\t\t\t\t\t<div class=\"elementor-image-box-wrapper\"><div class=\"elementor-image-box-content\"><h3 class=\"elementor-image-box-title\">Tiramis\u00fa<\/h3><p class=\"elementor-image-box-description\">Helado de tiramis\u00fa artesano, con mascarpone cremoso, toque de caf\u00e9 y ese puntito dulce que te enamora desde la primera cata. Un cl\u00e1sico italiano en forma de helado, suave y delicioso.<\/p><\/div><\/div>\t\t\t\t<\/div>\n\t\t\t\t<\/div>\n\t\t\t\t<\/div>\n\t\t\t\t\t<\/div>\n\t\t\t\t<\/div>\n\t\t<div class=\"elementor-element elementor-element-0a47f9a e-flex e-con-boxed e-con e-parent\" data-id=\"0a47f9a\" data-element_type=\"container\" data-settings=\"{&quot;background_background&quot;:&quot;classic&quot;}\">\n\t\t\t\t\t<div class=\"e-con-inner\">\n\t\t<div class=\"elementor-element elementor-element-cfee1fd e-con-full e-flex e-con e-child\" data-id=\"cfee1fd\" data-element_type=\"container\" data-settings=\"{&quot;background_background&quot;:&quot;classic&quot;}\">\n\t\t\t\t<div class=\"elementor-element elementor-element-059a557 elementor-widget elementor-widget-heading\" data-id=\"059a557\" data-element_type=\"widget\" data-widget_type=\"heading.default\">\n\t\t\t\t\t<h3 class=\"elementor-heading-title elementor-size-default\">Creaciones personalizadas<\/h3>\t\t\t\t<\/div>\n\t\t\t\t<div class=\"elementor-element elementor-element-51dd169 elementor-widget elementor-widget-text-editor\" data-id=\"51dd169\" data-element_type=\"widget\" data-widget_type=\"text-editor.default\">\n\t\t\t\t\t\t\t\t\t<p>Para aquellos establecimientos que quieran ir m\u00e1s all\u00e1, ofrecemos la posibilidad de crear sabores \u00fanicos, adaptados a la carta, el territorio o una propuesta concreta.<\/p><p>Con Sinfon\u00eda, el helado no es s\u00f3lo un dulce. Es una herramienta de diferenciaci\u00f3n gastron\u00f3mica, adaptada a cada contexto y fiel a los valores artesanales.<\/p>\t\t\t\t\t\t\t\t<\/div>\n\t\t\t\t<\/div>\n\t\t\t\t\t<\/div>\n\t\t\t\t<\/div>\n\t\t\t\t<\/div>\n\t\t","protected":false},"excerpt":{"rendered":"<p>Helados artesanales para cada ocasi\u00f3n, con el mismo esp\u00edritu de excelencia En Sinfon\u00eda Alta Helader\u00eda elaboramos helados artesanales con ingredientes naturales y nuestra propia leche fresca de granja, combinando la tradici\u00f3n italiana con un enfoque gourmet. Ofrecemos formatos adaptados a diferentes necesidades, sin comprometer nunca la calidad ni la esencia artesanal: Formato profesionalTerranas de 2,5 [&hellip;]<\/p>\n","protected":false},"author":1,"featured_media":0,"parent":0,"menu_order":0,"comment_status":"closed","ping_status":"closed","template":"","meta":{"footnotes":""},"class_list":["post-258","page","type-page","status-publish","hentry"],"yoast_head":"<!-- This site is optimized with the Yoast SEO plugin v26.8 - https:\/\/yoast.com\/product\/yoast-seo-wordpress\/ -->\n<title>Nuestros productos - Simfonia Alta Gelateria<\/title>\n<meta name=\"description\" content=\"Elaboramos helados artesanales con ingredientes naturales y nuestra propia leche fresca de granja, combinando la tradici\u00f3n con un enfoque gourmet.\" \/>\n<meta name=\"robots\" content=\"index, follow, max-snippet:-1, max-image-preview:large, max-video-preview:-1\" \/>\n<link rel=\"canonical\" href=\"https:\/\/www.simfoniagelateria.cat\/es\/nuestros-productos\/\" \/>\n<meta property=\"og:locale\" content=\"es_ES\" \/>\n<meta property=\"og:type\" content=\"article\" \/>\n<meta property=\"og:title\" content=\"Nuestros productos - Simfonia Alta Gelateria\" \/>\n<meta property=\"og:description\" content=\"Elaboramos helados artesanales con ingredientes naturales y nuestra propia leche fresca de granja, combinando la tradici\u00f3n con un enfoque gourmet.\" \/>\n<meta property=\"og:url\" content=\"https:\/\/www.simfoniagelateria.cat\/es\/nuestros-productos\/\" \/>\n<meta property=\"og:site_name\" content=\"Simfonia Alta Gelateria\" \/>\n<meta property=\"article:modified_time\" content=\"2026-01-26T10:37:15+00:00\" \/>\n<meta name=\"twitter:card\" content=\"summary_large_image\" \/>\n<meta name=\"twitter:label1\" content=\"Tiempo de lectura\" \/>\n\t<meta name=\"twitter:data1\" content=\"3 minutos\" \/>\n<script type=\"application\/ld+json\" class=\"yoast-schema-graph\">{\"@context\":\"https:\/\/schema.org\",\"@graph\":[{\"@type\":\"WebPage\",\"@id\":\"https:\/\/www.simfoniagelateria.cat\/es\/nuestros-productos\/\",\"url\":\"https:\/\/www.simfoniagelateria.cat\/es\/nuestros-productos\/\",\"name\":\"Nuestros productos - Simfonia Alta Gelateria\",\"isPartOf\":{\"@id\":\"https:\/\/www.simfoniagelateria.cat\/es\/#website\"},\"datePublished\":\"2025-10-06T12:09:37+00:00\",\"dateModified\":\"2026-01-26T10:37:15+00:00\",\"description\":\"Elaboramos helados artesanales con ingredientes naturales y nuestra propia leche fresca de granja, combinando la tradici\u00f3n con un enfoque gourmet.\",\"breadcrumb\":{\"@id\":\"https:\/\/www.simfoniagelateria.cat\/es\/nuestros-productos\/#breadcrumb\"},\"inLanguage\":\"es\",\"potentialAction\":[{\"@type\":\"ReadAction\",\"target\":[\"https:\/\/www.simfoniagelateria.cat\/es\/nuestros-productos\/\"]}]},{\"@type\":\"BreadcrumbList\",\"@id\":\"https:\/\/www.simfoniagelateria.cat\/es\/nuestros-productos\/#breadcrumb\",\"itemListElement\":[{\"@type\":\"ListItem\",\"position\":1,\"name\":\"Home\",\"item\":\"https:\/\/www.simfoniagelateria.cat\/es\/\"},{\"@type\":\"ListItem\",\"position\":2,\"name\":\"Nuestros productos\"}]},{\"@type\":\"WebSite\",\"@id\":\"https:\/\/www.simfoniagelateria.cat\/es\/#website\",\"url\":\"https:\/\/www.simfoniagelateria.cat\/es\/\",\"name\":\"Simfonia Alta Gelateria\",\"description\":\"Gelats artesanals amb \u00e0nima. Fets amb la nostra llet, la nostra m\u00e0 i el nostre cor.\",\"publisher\":{\"@id\":\"https:\/\/www.simfoniagelateria.cat\/es\/#organization\"},\"potentialAction\":[{\"@type\":\"SearchAction\",\"target\":{\"@type\":\"EntryPoint\",\"urlTemplate\":\"https:\/\/www.simfoniagelateria.cat\/es\/?s={search_term_string}\"},\"query-input\":{\"@type\":\"PropertyValueSpecification\",\"valueRequired\":true,\"valueName\":\"search_term_string\"}}],\"inLanguage\":\"es\"},{\"@type\":\"Organization\",\"@id\":\"https:\/\/www.simfoniagelateria.cat\/es\/#organization\",\"name\":\"Simfonia Alta Gelateria\",\"url\":\"https:\/\/www.simfoniagelateria.cat\/es\/\",\"logo\":{\"@type\":\"ImageObject\",\"inLanguage\":\"es\",\"@id\":\"https:\/\/www.simfoniagelateria.cat\/es\/#\/schema\/logo\/image\/\",\"url\":\"https:\/\/www.simfoniagelateria.cat\/wp-content\/uploads\/2025\/10\/logo-simfonia.svg\",\"contentUrl\":\"https:\/\/www.simfoniagelateria.cat\/wp-content\/uploads\/2025\/10\/logo-simfonia.svg\",\"width\":220,\"height\":108,\"caption\":\"Simfonia Alta Gelateria\"},\"image\":{\"@id\":\"https:\/\/www.simfoniagelateria.cat\/es\/#\/schema\/logo\/image\/\"}}]}<\/script>\n<!-- \/ Yoast SEO plugin. -->","yoast_head_json":{"title":"Nuestros productos - Simfonia Alta Gelateria","description":"Elaboramos helados artesanales con ingredientes naturales y nuestra propia leche fresca de granja, combinando la tradici\u00f3n con un enfoque gourmet.","robots":{"index":"index","follow":"follow","max-snippet":"max-snippet:-1","max-image-preview":"max-image-preview:large","max-video-preview":"max-video-preview:-1"},"canonical":"https:\/\/www.simfoniagelateria.cat\/es\/nuestros-productos\/","og_locale":"es_ES","og_type":"article","og_title":"Nuestros productos - Simfonia Alta Gelateria","og_description":"Elaboramos helados artesanales con ingredientes naturales y nuestra propia leche fresca de granja, combinando la tradici\u00f3n con un enfoque gourmet.","og_url":"https:\/\/www.simfoniagelateria.cat\/es\/nuestros-productos\/","og_site_name":"Simfonia Alta Gelateria","article_modified_time":"2026-01-26T10:37:15+00:00","twitter_card":"summary_large_image","twitter_misc":{"Tiempo de lectura":"3 minutos"},"schema":{"@context":"https:\/\/schema.org","@graph":[{"@type":"WebPage","@id":"https:\/\/www.simfoniagelateria.cat\/es\/nuestros-productos\/","url":"https:\/\/www.simfoniagelateria.cat\/es\/nuestros-productos\/","name":"Nuestros productos - Simfonia Alta Gelateria","isPartOf":{"@id":"https:\/\/www.simfoniagelateria.cat\/es\/#website"},"datePublished":"2025-10-06T12:09:37+00:00","dateModified":"2026-01-26T10:37:15+00:00","description":"Elaboramos helados artesanales con ingredientes naturales y nuestra propia leche fresca de granja, combinando la tradici\u00f3n con un enfoque gourmet.","breadcrumb":{"@id":"https:\/\/www.simfoniagelateria.cat\/es\/nuestros-productos\/#breadcrumb"},"inLanguage":"es","potentialAction":[{"@type":"ReadAction","target":["https:\/\/www.simfoniagelateria.cat\/es\/nuestros-productos\/"]}]},{"@type":"BreadcrumbList","@id":"https:\/\/www.simfoniagelateria.cat\/es\/nuestros-productos\/#breadcrumb","itemListElement":[{"@type":"ListItem","position":1,"name":"Home","item":"https:\/\/www.simfoniagelateria.cat\/es\/"},{"@type":"ListItem","position":2,"name":"Nuestros productos"}]},{"@type":"WebSite","@id":"https:\/\/www.simfoniagelateria.cat\/es\/#website","url":"https:\/\/www.simfoniagelateria.cat\/es\/","name":"Simfonia Alta Gelateria","description":"Gelats artesanals amb \u00e0nima. Fets amb la nostra llet, la nostra m\u00e0 i el nostre cor.","publisher":{"@id":"https:\/\/www.simfoniagelateria.cat\/es\/#organization"},"potentialAction":[{"@type":"SearchAction","target":{"@type":"EntryPoint","urlTemplate":"https:\/\/www.simfoniagelateria.cat\/es\/?s={search_term_string}"},"query-input":{"@type":"PropertyValueSpecification","valueRequired":true,"valueName":"search_term_string"}}],"inLanguage":"es"},{"@type":"Organization","@id":"https:\/\/www.simfoniagelateria.cat\/es\/#organization","name":"Simfonia Alta Gelateria","url":"https:\/\/www.simfoniagelateria.cat\/es\/","logo":{"@type":"ImageObject","inLanguage":"es","@id":"https:\/\/www.simfoniagelateria.cat\/es\/#\/schema\/logo\/image\/","url":"https:\/\/www.simfoniagelateria.cat\/wp-content\/uploads\/2025\/10\/logo-simfonia.svg","contentUrl":"https:\/\/www.simfoniagelateria.cat\/wp-content\/uploads\/2025\/10\/logo-simfonia.svg","width":220,"height":108,"caption":"Simfonia Alta Gelateria"},"image":{"@id":"https:\/\/www.simfoniagelateria.cat\/es\/#\/schema\/logo\/image\/"}}]}},"_links":{"self":[{"href":"https:\/\/www.simfoniagelateria.cat\/es\/wp-json\/wp\/v2\/pages\/258","targetHints":{"allow":["GET"]}}],"collection":[{"href":"https:\/\/www.simfoniagelateria.cat\/es\/wp-json\/wp\/v2\/pages"}],"about":[{"href":"https:\/\/www.simfoniagelateria.cat\/es\/wp-json\/wp\/v2\/types\/page"}],"author":[{"embeddable":true,"href":"https:\/\/www.simfoniagelateria.cat\/es\/wp-json\/wp\/v2\/users\/1"}],"replies":[{"embeddable":true,"href":"https:\/\/www.simfoniagelateria.cat\/es\/wp-json\/wp\/v2\/comments?post=258"}],"version-history":[{"count":8,"href":"https:\/\/www.simfoniagelateria.cat\/es\/wp-json\/wp\/v2\/pages\/258\/revisions"}],"predecessor-version":[{"id":415,"href":"https:\/\/www.simfoniagelateria.cat\/es\/wp-json\/wp\/v2\/pages\/258\/revisions\/415"}],"wp:attachment":[{"href":"https:\/\/www.simfoniagelateria.cat\/es\/wp-json\/wp\/v2\/media?parent=258"}],"curies":[{"name":"wp","href":"https:\/\/api.w.org\/{rel}","templated":true}]}}