{"id":271,"date":"2025-10-06T14:09:51","date_gmt":"2025-10-06T12:09:51","guid":{"rendered":"https:\/\/www.simfoniagelateria.cat\/el-obrador\/"},"modified":"2026-01-26T12:21:53","modified_gmt":"2026-01-26T10:21:53","slug":"el-obrador","status":"publish","type":"page","link":"https:\/\/www.simfoniagelateria.cat\/es\/el-obrador\/","title":{"rendered":"El Obrador"},"content":{"rendered":"\t\t<div data-elementor-type=\"wp-page\" data-elementor-id=\"271\" class=\"elementor elementor-271 elementor-24\" data-elementor-post-type=\"page\">\n\t\t\t\t<div class=\"elementor-element elementor-element-7639941 e-flex e-con-boxed e-con e-parent\" data-id=\"7639941\" data-element_type=\"container\" data-settings=\"{&quot;background_background&quot;:&quot;classic&quot;}\">\n\t\t\t\t\t<div class=\"e-con-inner\">\n\t\t\t\t<div class=\"elementor-element elementor-element-ab1810a elementor-widget elementor-widget-heading\" data-id=\"ab1810a\" data-element_type=\"widget\" data-widget_type=\"heading.default\">\n\t\t\t\t\t<h1 class=\"elementor-heading-title elementor-size-default\">El coraz\u00f3n de Sinfon\u00eda. Donde cada helado toma forma con calma, cuidado y oficio.<\/h1>\t\t\t\t<\/div>\n\t\t\t\t<div class=\"elementor-element elementor-element-2d20743 elementor-widget elementor-widget-text-editor\" data-id=\"2d20743\" data-element_type=\"widget\" data-widget_type=\"text-editor.default\">\n\t\t\t\t\t\t\t\t\t<p>Nuestro obrador es mucho m\u00e1s que una cocina: es el lugar en el que <strong>transformamos leche fresca e ingredientes naturales en helados excepcionales<\/strong>, con una dedicaci\u00f3n absoluta al detalle.<\/p>\t\t\t\t\t\t\t\t<\/div>\n\t\t\t\t\t<\/div>\n\t\t\t\t<\/div>\n\t\t<div class=\"elementor-element elementor-element-65e964f e-flex e-con-boxed e-con e-parent\" data-id=\"65e964f\" data-element_type=\"container\">\n\t\t\t\t\t<div class=\"e-con-inner\">\n\t\t<div class=\"elementor-element elementor-element-61f29a1 e-con-full e-flex e-con e-child\" data-id=\"61f29a1\" data-element_type=\"container\">\n\t\t\t\t<div class=\"elementor-element elementor-element-c19ad33 elementor-widget elementor-widget-heading\" data-id=\"c19ad33\" data-element_type=\"widget\" data-widget_type=\"heading.default\">\n\t\t\t\t\t<h2 class=\"elementor-heading-title elementor-size-default\">De la granja al obrador, sin intermediarios ni misterios<\/h2>\t\t\t\t<\/div>\n\t\t\t\t<div class=\"elementor-element elementor-element-4f10562 elementor-widget elementor-widget-text-editor\" data-id=\"4f10562\" data-element_type=\"widget\" data-widget_type=\"text-editor.default\">\n\t\t\t\t\t\t\t\t\t<p>Nuestra <strong>propia granja lechera<\/strong> nos permite tener control total del proceso. <strong>Esto nos da una frescura y calidad que casi nadie puede ofrecer<\/strong>.<\/p>\t\t\t\t\t\t\t\t<\/div>\n\t\t\t\t<div class=\"elementor-element elementor-element-1284106 elementor-widget elementor-widget-text-editor\" data-id=\"1284106\" data-element_type=\"widget\" data-widget_type=\"text-editor.default\">\n\t\t\t\t\t\t\t\t\t<p>La nostra <strong>pr\u00f2pia granja lletera<\/strong> ens permet tenir control total del proc\u00e9s. <strong>Aix\u00f2 ens dona una frescor i qualitat que gaireb\u00e9 ning\u00fa pot oferir<\/strong>.<\/p>\t\t\t\t\t\t\t\t<\/div>\n\t\t\t\t<\/div>\n\t\t<div class=\"elementor-element elementor-element-301a7c5 e-con-full e-flex e-con e-child\" data-id=\"301a7c5\" data-element_type=\"container\">\n\t\t\t\t<div class=\"elementor-element elementor-element-2bf2b8b elementor-widget elementor-widget-image\" data-id=\"2bf2b8b\" data-element_type=\"widget\" data-widget_type=\"image.default\">\n\t\t\t\t\t\t\t\t\t\t\t\t\t\t\t<img fetchpriority=\"high\" decoding=\"async\" width=\"800\" height=\"534\" src=\"https:\/\/www.simfoniagelateria.cat\/wp-content\/uploads\/2025\/10\/08-TEXTURES-010.jpg\" class=\"attachment-large size-large wp-image-266\" alt=\"Simfonia Alta Gelateria - Gelats artesanals amb \u00e0nima. Fets amb la nostra llet, la nostra m\u00e0 i el nostre cor.\" srcset=\"https:\/\/www.simfoniagelateria.cat\/wp-content\/uploads\/2025\/10\/08-TEXTURES-010.jpg 1024w, https:\/\/www.simfoniagelateria.cat\/wp-content\/uploads\/2025\/10\/08-TEXTURES-010-300x200.jpg 300w, https:\/\/www.simfoniagelateria.cat\/wp-content\/uploads\/2025\/10\/08-TEXTURES-010-768x512.jpg 768w\" sizes=\"(max-width: 800px) 100vw, 800px\" \/>\t\t\t\t\t\t\t\t\t\t\t\t\t\t\t<\/div>\n\t\t\t\t<\/div>\n\t\t\t\t\t<\/div>\n\t\t\t\t<\/div>\n\t\t<div class=\"elementor-element elementor-element-de28b4b e-flex e-con-boxed e-con e-parent\" data-id=\"de28b4b\" data-element_type=\"container\" data-settings=\"{&quot;background_background&quot;:&quot;classic&quot;}\">\n\t\t\t\t\t<div class=\"e-con-inner\">\n\t\t<div class=\"elementor-element elementor-element-2c2d66e e-con-full e-flex e-con e-child\" data-id=\"2c2d66e\" data-element_type=\"container\">\n\t\t\t\t<div class=\"elementor-element elementor-element-16a6c35 elementor-widget elementor-widget-heading\" data-id=\"16a6c35\" data-element_type=\"widget\" data-widget_type=\"heading.default\">\n\t\t\t\t\t<h2 class=\"elementor-heading-title elementor-size-default\">Elaboraci\u00f3n artesanal, paso a paso<\/h2>\t\t\t\t<\/div>\n\t\t\t\t<div class=\"elementor-element elementor-element-7e27254 elementor-widget elementor-widget-text-editor\" data-id=\"7e27254\" data-element_type=\"widget\" data-widget_type=\"text-editor.default\">\n\t\t\t\t\t\t\t\t\t<p>Todos nuestros helados se realizan <strong>a mano<\/strong>, siguiendo la ideolog\u00eda tradicional italiana, adaptada con sensibilidad actual. No utilizamos bases industriales ni aromas artificiales: s\u00f3lo<strong> ingredientes naturales, sabores puros y t\u00e9cnicas cuidadosas<\/strong>.<\/p><p>Elaboramos los helados <strong>todos los d\u00edas<\/strong>, en lotes peque\u00f1os, para asegurar que cada envase conserva la textura, cremosidad y sabor que queremos ofrecer. Cada paso, desde la pasteurizaci\u00f3n hasta el envasado, lo hacemos nosotros, en nuestro obrador.<\/p>\t\t\t\t\t\t\t\t<\/div>\n\t\t\t\t<\/div>\n\t\t<div class=\"elementor-element elementor-element-b3c817f e-con-full e-flex e-con e-child\" data-id=\"b3c817f\" data-element_type=\"container\">\n\t\t\t\t<div class=\"elementor-element elementor-element-dcaec19 elementor-widget elementor-widget-image\" data-id=\"dcaec19\" data-element_type=\"widget\" data-widget_type=\"image.default\">\n\t\t\t\t\t\t\t\t\t\t\t\t\t\t\t<img decoding=\"async\" width=\"800\" height=\"534\" src=\"https:\/\/www.simfoniagelateria.cat\/wp-content\/uploads\/2025\/10\/08-TEXTURES-016.jpg\" class=\"attachment-large size-large wp-image-267\" alt=\"Simfonia Alta Gelateria - Gelats artesanals amb \u00e0nima. Fets amb la nostra llet, la nostra m\u00e0 i el nostre cor.\" srcset=\"https:\/\/www.simfoniagelateria.cat\/wp-content\/uploads\/2025\/10\/08-TEXTURES-016.jpg 1024w, https:\/\/www.simfoniagelateria.cat\/wp-content\/uploads\/2025\/10\/08-TEXTURES-016-300x200.jpg 300w, https:\/\/www.simfoniagelateria.cat\/wp-content\/uploads\/2025\/10\/08-TEXTURES-016-768x512.jpg 768w\" sizes=\"(max-width: 800px) 100vw, 800px\" \/>\t\t\t\t\t\t\t\t\t\t\t\t\t\t\t<\/div>\n\t\t\t\t<\/div>\n\t\t\t\t\t<\/div>\n\t\t\t\t<\/div>\n\t\t<div class=\"elementor-element elementor-element-4ebd1f2 e-flex e-con-boxed e-con e-parent\" data-id=\"4ebd1f2\" data-element_type=\"container\">\n\t\t\t\t\t<div class=\"e-con-inner\">\n\t\t<div class=\"elementor-element elementor-element-b4dba19 e-con-full e-flex e-con e-child\" data-id=\"b4dba19\" data-element_type=\"container\">\n\t\t\t\t<div class=\"elementor-element elementor-element-bbf7ca8 elementor-widget elementor-widget-heading\" data-id=\"bbf7ca8\" data-element_type=\"widget\" data-widget_type=\"heading.default\">\n\t\t\t\t\t<h2 class=\"elementor-heading-title elementor-size-default\">Seguridad y rigor en cada detalle<\/h2>\t\t\t\t<\/div>\n\t\t\t\t<div class=\"elementor-element elementor-element-b2d7b9f elementor-widget elementor-widget-text-editor\" data-id=\"b2d7b9f\" data-element_type=\"widget\" data-widget_type=\"text-editor.default\">\n\t\t\t\t\t\t\t\t\t<p>Trabajamos bajo estrictos controles de seguridad alimentaria e higiene. Estamos al d\u00eda con todas las normativas sanitarias, y vayamos m\u00e1s all\u00e1: <strong>nos exigimos m\u00e1s de lo que pide la normativa<\/strong>, porque creemos que la confianza se gana con responsabilidad.<\/p><p>Aqu\u00ed, la artesan\u00eda no es una palabra vac\u00eda: \u00df.<\/p><p>Cada helado que sale de nuestro obrador <strong>lleva el sello de nuestra forma de entender la calidad: honestidad, proximidad y pasi\u00f3n.<\/strong><\/p>\t\t\t\t\t\t\t\t<\/div>\n\t\t\t\t<\/div>\n\t\t<div class=\"elementor-element elementor-element-39baf0d e-con-full e-flex e-con e-child\" data-id=\"39baf0d\" data-element_type=\"container\">\n\t\t\t\t<div class=\"elementor-element elementor-element-8291544 elementor-widget elementor-widget-image\" data-id=\"8291544\" data-element_type=\"widget\" data-widget_type=\"image.default\">\n\t\t\t\t\t\t\t\t\t\t\t\t\t\t\t<img decoding=\"async\" width=\"800\" height=\"563\" src=\"https:\/\/www.simfoniagelateria.cat\/wp-content\/uploads\/2025\/10\/02_PRESENTACIONS-PLATS-021web.jpg\" class=\"attachment-large size-large wp-image-264\" alt=\"Simfonia Alta Gelateria - Gelats artesanals amb \u00e0nima. Fets amb la nostra llet, la nostra m\u00e0 i el nostre cor.\" srcset=\"https:\/\/www.simfoniagelateria.cat\/wp-content\/uploads\/2025\/10\/02_PRESENTACIONS-PLATS-021web.jpg 986w, https:\/\/www.simfoniagelateria.cat\/wp-content\/uploads\/2025\/10\/02_PRESENTACIONS-PLATS-021web-300x211.jpg 300w, https:\/\/www.simfoniagelateria.cat\/wp-content\/uploads\/2025\/10\/02_PRESENTACIONS-PLATS-021web-768x541.jpg 768w\" sizes=\"(max-width: 800px) 100vw, 800px\" \/>\t\t\t\t\t\t\t\t\t\t\t\t\t\t\t<\/div>\n\t\t\t\t<\/div>\n\t\t\t\t\t<\/div>\n\t\t\t\t<\/div>\n\t\t\t\t<\/div>\n\t\t","protected":false},"excerpt":{"rendered":"<p>El coraz\u00f3n de Sinfon\u00eda. Donde cada helado toma forma con calma, cuidado y oficio. Nuestro obrador es mucho m\u00e1s que una cocina: es el lugar en el que transformamos leche fresca e ingredientes naturales en helados excepcionales, con una dedicaci\u00f3n absoluta al detalle. De la granja al obrador, sin intermediarios ni misterios Nuestra propia granja [&hellip;]<\/p>\n","protected":false},"author":1,"featured_media":0,"parent":0,"menu_order":0,"comment_status":"closed","ping_status":"closed","template":"elementor_header_footer","meta":{"footnotes":""},"class_list":["post-271","page","type-page","status-publish","hentry"],"yoast_head":"<!-- This site is optimized with the Yoast SEO plugin v26.8 - https:\/\/yoast.com\/product\/yoast-seo-wordpress\/ -->\n<title>El Obrador - Simfonia Alta Gelateria<\/title>\n<meta name=\"description\" content=\"Nuestro obrador es mucho m\u00e1s que una cocina: es el lugar donde transformamos leche fresca e ingredientes naturales en helados excepcionales.\" \/>\n<meta name=\"robots\" content=\"index, follow, max-snippet:-1, max-image-preview:large, max-video-preview:-1\" \/>\n<link rel=\"canonical\" href=\"https:\/\/www.simfoniagelateria.cat\/es\/el-obrador\/\" \/>\n<meta property=\"og:locale\" content=\"es_ES\" \/>\n<meta property=\"og:type\" content=\"article\" \/>\n<meta property=\"og:title\" content=\"El Obrador - Simfonia Alta Gelateria\" \/>\n<meta property=\"og:description\" content=\"Nuestro obrador es mucho m\u00e1s que una cocina: es el lugar donde transformamos leche fresca e ingredientes naturales en helados excepcionales.\" \/>\n<meta property=\"og:url\" content=\"https:\/\/www.simfoniagelateria.cat\/es\/el-obrador\/\" \/>\n<meta property=\"og:site_name\" content=\"Simfonia Alta Gelateria\" \/>\n<meta property=\"article:modified_time\" content=\"2026-01-26T10:21:53+00:00\" \/>\n<meta property=\"og:image\" content=\"https:\/\/www.simfoniagelateria.cat\/wp-content\/uploads\/2025\/10\/08-TEXTURES-010.jpg\" \/>\n\t<meta property=\"og:image:width\" content=\"1024\" \/>\n\t<meta property=\"og:image:height\" content=\"683\" \/>\n\t<meta property=\"og:image:type\" content=\"image\/jpeg\" \/>\n<meta name=\"twitter:card\" content=\"summary_large_image\" \/>\n<meta name=\"twitter:label1\" content=\"Tiempo de lectura\" \/>\n\t<meta name=\"twitter:data1\" content=\"2 minutos\" \/>\n<script type=\"application\/ld+json\" class=\"yoast-schema-graph\">{\"@context\":\"https:\/\/schema.org\",\"@graph\":[{\"@type\":\"WebPage\",\"@id\":\"https:\/\/www.simfoniagelateria.cat\/es\/el-obrador\/\",\"url\":\"https:\/\/www.simfoniagelateria.cat\/es\/el-obrador\/\",\"name\":\"El Obrador - Simfonia Alta Gelateria\",\"isPartOf\":{\"@id\":\"https:\/\/www.simfoniagelateria.cat\/es\/#website\"},\"primaryImageOfPage\":{\"@id\":\"https:\/\/www.simfoniagelateria.cat\/es\/el-obrador\/#primaryimage\"},\"image\":{\"@id\":\"https:\/\/www.simfoniagelateria.cat\/es\/el-obrador\/#primaryimage\"},\"thumbnailUrl\":\"https:\/\/www.simfoniagelateria.cat\/wp-content\/uploads\/2025\/10\/08-TEXTURES-010.jpg\",\"datePublished\":\"2025-10-06T12:09:51+00:00\",\"dateModified\":\"2026-01-26T10:21:53+00:00\",\"description\":\"Nuestro obrador es mucho m\u00e1s que una cocina: es el lugar donde transformamos leche fresca e ingredientes naturales en helados excepcionales.\",\"breadcrumb\":{\"@id\":\"https:\/\/www.simfoniagelateria.cat\/es\/el-obrador\/#breadcrumb\"},\"inLanguage\":\"es\",\"potentialAction\":[{\"@type\":\"ReadAction\",\"target\":[\"https:\/\/www.simfoniagelateria.cat\/es\/el-obrador\/\"]}]},{\"@type\":\"ImageObject\",\"inLanguage\":\"es\",\"@id\":\"https:\/\/www.simfoniagelateria.cat\/es\/el-obrador\/#primaryimage\",\"url\":\"https:\/\/www.simfoniagelateria.cat\/wp-content\/uploads\/2025\/10\/08-TEXTURES-010.jpg\",\"contentUrl\":\"https:\/\/www.simfoniagelateria.cat\/wp-content\/uploads\/2025\/10\/08-TEXTURES-010.jpg\"},{\"@type\":\"BreadcrumbList\",\"@id\":\"https:\/\/www.simfoniagelateria.cat\/es\/el-obrador\/#breadcrumb\",\"itemListElement\":[{\"@type\":\"ListItem\",\"position\":1,\"name\":\"Home\",\"item\":\"https:\/\/www.simfoniagelateria.cat\/es\/\"},{\"@type\":\"ListItem\",\"position\":2,\"name\":\"El Obrador\"}]},{\"@type\":\"WebSite\",\"@id\":\"https:\/\/www.simfoniagelateria.cat\/es\/#website\",\"url\":\"https:\/\/www.simfoniagelateria.cat\/es\/\",\"name\":\"Simfonia Alta Gelateria\",\"description\":\"Gelats artesanals amb \u00e0nima. Fets amb la nostra llet, la nostra m\u00e0 i el nostre cor.\",\"publisher\":{\"@id\":\"https:\/\/www.simfoniagelateria.cat\/es\/#organization\"},\"potentialAction\":[{\"@type\":\"SearchAction\",\"target\":{\"@type\":\"EntryPoint\",\"urlTemplate\":\"https:\/\/www.simfoniagelateria.cat\/es\/?s={search_term_string}\"},\"query-input\":{\"@type\":\"PropertyValueSpecification\",\"valueRequired\":true,\"valueName\":\"search_term_string\"}}],\"inLanguage\":\"es\"},{\"@type\":\"Organization\",\"@id\":\"https:\/\/www.simfoniagelateria.cat\/es\/#organization\",\"name\":\"Simfonia Alta Gelateria\",\"url\":\"https:\/\/www.simfoniagelateria.cat\/es\/\",\"logo\":{\"@type\":\"ImageObject\",\"inLanguage\":\"es\",\"@id\":\"https:\/\/www.simfoniagelateria.cat\/es\/#\/schema\/logo\/image\/\",\"url\":\"https:\/\/www.simfoniagelateria.cat\/wp-content\/uploads\/2025\/10\/logo-simfonia.svg\",\"contentUrl\":\"https:\/\/www.simfoniagelateria.cat\/wp-content\/uploads\/2025\/10\/logo-simfonia.svg\",\"width\":220,\"height\":108,\"caption\":\"Simfonia Alta Gelateria\"},\"image\":{\"@id\":\"https:\/\/www.simfoniagelateria.cat\/es\/#\/schema\/logo\/image\/\"}}]}<\/script>\n<!-- \/ Yoast SEO plugin. -->","yoast_head_json":{"title":"El Obrador - Simfonia Alta Gelateria","description":"Nuestro obrador es mucho m\u00e1s que una cocina: es el lugar donde transformamos leche fresca e ingredientes naturales en helados excepcionales.","robots":{"index":"index","follow":"follow","max-snippet":"max-snippet:-1","max-image-preview":"max-image-preview:large","max-video-preview":"max-video-preview:-1"},"canonical":"https:\/\/www.simfoniagelateria.cat\/es\/el-obrador\/","og_locale":"es_ES","og_type":"article","og_title":"El Obrador - Simfonia Alta Gelateria","og_description":"Nuestro obrador es mucho m\u00e1s que una cocina: es el lugar donde transformamos leche fresca e ingredientes naturales en helados excepcionales.","og_url":"https:\/\/www.simfoniagelateria.cat\/es\/el-obrador\/","og_site_name":"Simfonia Alta Gelateria","article_modified_time":"2026-01-26T10:21:53+00:00","og_image":[{"width":1024,"height":683,"url":"https:\/\/www.simfoniagelateria.cat\/wp-content\/uploads\/2025\/10\/08-TEXTURES-010.jpg","type":"image\/jpeg"}],"twitter_card":"summary_large_image","twitter_misc":{"Tiempo de lectura":"2 minutos"},"schema":{"@context":"https:\/\/schema.org","@graph":[{"@type":"WebPage","@id":"https:\/\/www.simfoniagelateria.cat\/es\/el-obrador\/","url":"https:\/\/www.simfoniagelateria.cat\/es\/el-obrador\/","name":"El Obrador - Simfonia Alta Gelateria","isPartOf":{"@id":"https:\/\/www.simfoniagelateria.cat\/es\/#website"},"primaryImageOfPage":{"@id":"https:\/\/www.simfoniagelateria.cat\/es\/el-obrador\/#primaryimage"},"image":{"@id":"https:\/\/www.simfoniagelateria.cat\/es\/el-obrador\/#primaryimage"},"thumbnailUrl":"https:\/\/www.simfoniagelateria.cat\/wp-content\/uploads\/2025\/10\/08-TEXTURES-010.jpg","datePublished":"2025-10-06T12:09:51+00:00","dateModified":"2026-01-26T10:21:53+00:00","description":"Nuestro obrador es mucho m\u00e1s que una cocina: es el lugar donde transformamos leche fresca e ingredientes naturales en helados excepcionales.","breadcrumb":{"@id":"https:\/\/www.simfoniagelateria.cat\/es\/el-obrador\/#breadcrumb"},"inLanguage":"es","potentialAction":[{"@type":"ReadAction","target":["https:\/\/www.simfoniagelateria.cat\/es\/el-obrador\/"]}]},{"@type":"ImageObject","inLanguage":"es","@id":"https:\/\/www.simfoniagelateria.cat\/es\/el-obrador\/#primaryimage","url":"https:\/\/www.simfoniagelateria.cat\/wp-content\/uploads\/2025\/10\/08-TEXTURES-010.jpg","contentUrl":"https:\/\/www.simfoniagelateria.cat\/wp-content\/uploads\/2025\/10\/08-TEXTURES-010.jpg"},{"@type":"BreadcrumbList","@id":"https:\/\/www.simfoniagelateria.cat\/es\/el-obrador\/#breadcrumb","itemListElement":[{"@type":"ListItem","position":1,"name":"Home","item":"https:\/\/www.simfoniagelateria.cat\/es\/"},{"@type":"ListItem","position":2,"name":"El Obrador"}]},{"@type":"WebSite","@id":"https:\/\/www.simfoniagelateria.cat\/es\/#website","url":"https:\/\/www.simfoniagelateria.cat\/es\/","name":"Simfonia Alta Gelateria","description":"Gelats artesanals amb \u00e0nima. Fets amb la nostra llet, la nostra m\u00e0 i el nostre cor.","publisher":{"@id":"https:\/\/www.simfoniagelateria.cat\/es\/#organization"},"potentialAction":[{"@type":"SearchAction","target":{"@type":"EntryPoint","urlTemplate":"https:\/\/www.simfoniagelateria.cat\/es\/?s={search_term_string}"},"query-input":{"@type":"PropertyValueSpecification","valueRequired":true,"valueName":"search_term_string"}}],"inLanguage":"es"},{"@type":"Organization","@id":"https:\/\/www.simfoniagelateria.cat\/es\/#organization","name":"Simfonia Alta Gelateria","url":"https:\/\/www.simfoniagelateria.cat\/es\/","logo":{"@type":"ImageObject","inLanguage":"es","@id":"https:\/\/www.simfoniagelateria.cat\/es\/#\/schema\/logo\/image\/","url":"https:\/\/www.simfoniagelateria.cat\/wp-content\/uploads\/2025\/10\/logo-simfonia.svg","contentUrl":"https:\/\/www.simfoniagelateria.cat\/wp-content\/uploads\/2025\/10\/logo-simfonia.svg","width":220,"height":108,"caption":"Simfonia Alta Gelateria"},"image":{"@id":"https:\/\/www.simfoniagelateria.cat\/es\/#\/schema\/logo\/image\/"}}]}},"_links":{"self":[{"href":"https:\/\/www.simfoniagelateria.cat\/es\/wp-json\/wp\/v2\/pages\/271","targetHints":{"allow":["GET"]}}],"collection":[{"href":"https:\/\/www.simfoniagelateria.cat\/es\/wp-json\/wp\/v2\/pages"}],"about":[{"href":"https:\/\/www.simfoniagelateria.cat\/es\/wp-json\/wp\/v2\/types\/page"}],"author":[{"embeddable":true,"href":"https:\/\/www.simfoniagelateria.cat\/es\/wp-json\/wp\/v2\/users\/1"}],"replies":[{"embeddable":true,"href":"https:\/\/www.simfoniagelateria.cat\/es\/wp-json\/wp\/v2\/comments?post=271"}],"version-history":[{"count":5,"href":"https:\/\/www.simfoniagelateria.cat\/es\/wp-json\/wp\/v2\/pages\/271\/revisions"}],"predecessor-version":[{"id":400,"href":"https:\/\/www.simfoniagelateria.cat\/es\/wp-json\/wp\/v2\/pages\/271\/revisions\/400"}],"wp:attachment":[{"href":"https:\/\/www.simfoniagelateria.cat\/es\/wp-json\/wp\/v2\/media?parent=271"}],"curies":[{"name":"wp","href":"https:\/\/api.w.org\/{rel}","templated":true}]}}