{"id":273,"date":"2025-10-06T14:09:23","date_gmt":"2025-10-06T12:09:23","guid":{"rendered":"https:\/\/www.simfoniagelateria.cat\/quienes-somos\/"},"modified":"2026-01-26T12:14:26","modified_gmt":"2026-01-26T10:14:26","slug":"quienes-somos","status":"publish","type":"page","link":"https:\/\/www.simfoniagelateria.cat\/es\/quienes-somos\/","title":{"rendered":"Qui\u00e9nes somos"},"content":{"rendered":"\t\t<div data-elementor-type=\"wp-page\" data-elementor-id=\"273\" class=\"elementor elementor-273 elementor-20\" data-elementor-post-type=\"page\">\n\t\t\t\t<div class=\"elementor-element elementor-element-49142c2 e-flex e-con-boxed e-con e-parent\" data-id=\"49142c2\" data-element_type=\"container\" data-settings=\"{&quot;background_background&quot;:&quot;classic&quot;}\">\n\t\t\t\t\t<div class=\"e-con-inner\">\n\t\t\t\t<div class=\"elementor-element elementor-element-a6d5bd3 elementor-widget elementor-widget-heading\" data-id=\"a6d5bd3\" data-element_type=\"widget\" data-widget_type=\"heading.default\">\n\t\t\t\t\t<h1 class=\"elementor-heading-title elementor-size-default\">Sinfon\u00eda no es s\u00f3lo un nombre<\/h1>\t\t\t\t<\/div>\n\t\t\t\t<div class=\"elementor-element elementor-element-8d27f5a elementor-widget elementor-widget-text-editor\" data-id=\"8d27f5a\" data-element_type=\"widget\" data-widget_type=\"text-editor.default\">\n\t\t\t\t\t\t\t\t\t<p>es una forma de entender el helado como una composici\u00f3n donde todo suma \u2014calidad, textura, sabor, origen\u2014 para crear una armon\u00eda perfecta.<\/p>\t\t\t\t\t\t\t\t<\/div>\n\t\t\t\t\t<\/div>\n\t\t\t\t<\/div>\n\t\t<div class=\"elementor-element elementor-element-107498df e-flex e-con-boxed e-con e-parent\" data-id=\"107498df\" data-element_type=\"container\">\n\t\t\t\t\t<div class=\"e-con-inner\">\n\t\t\t\t<div class=\"elementor-element elementor-element-3bfff9c elementor-widget elementor-widget-heading\" data-id=\"3bfff9c\" data-element_type=\"widget\" data-widget_type=\"heading.default\">\n\t\t\t\t\t<h2 class=\"elementor-heading-title elementor-size-default\">Simfonia Alta Gelateria  nace de un sue\u00f1o sencillo pero ambiciosamente claro: crear helados artesanales de excelencia, elaborados con productos de proximidad e inspirados en la gran tradici\u00f3n heladera italiana.<\/h2>\t\t\t\t<\/div>\n\t\t\t\t<div class=\"elementor-element elementor-element-05723a6 elementor-widget elementor-widget-text-editor\" data-id=\"05723a6\" data-element_type=\"widget\" data-widget_type=\"text-editor.default\">\n\t\t\t\t\t\t\t\t\t<p>Somos una empresa joven con ra\u00edces profundas: <strong>venimos de la tierra, de la granja, del trabajo bien hecho<\/strong>. Nuestra propia explotaci\u00f3n lechera nos permite controlar todo el proceso, desde su origen hasta el resultado final. Esta conexi\u00f3n directa con la materia prima nos hace diferentes, y nos permite ofrecer un producto m\u00e1s fresco, m\u00e1s honesto y sabroso.<\/p><p>Cada helado es una <strong>obra hecha a mano<\/strong>, pensada para transmitir autenticidad y emoci\u00f3n. No buscamos realizar muchos sabores: <strong>buscamos hacerlos muy bien<\/strong>. Trabajamos con recetas cuidadas, ingredientes naturales y sabores equilibrados. Y lo hacemos con pasi\u00f3n.<\/p>\t\t\t\t\t\t\t\t<\/div>\n\t\t\t\t<div class=\"elementor-element elementor-element-b410d2c elementor-arrows-position-inside elementor-pagination-position-outside elementor-widget elementor-widget-image-carousel\" data-id=\"b410d2c\" data-element_type=\"widget\" data-settings=\"{&quot;slides_to_show&quot;:&quot;1&quot;,&quot;navigation&quot;:&quot;both&quot;,&quot;autoplay&quot;:&quot;yes&quot;,&quot;pause_on_hover&quot;:&quot;yes&quot;,&quot;pause_on_interaction&quot;:&quot;yes&quot;,&quot;autoplay_speed&quot;:5000,&quot;infinite&quot;:&quot;yes&quot;,&quot;effect&quot;:&quot;slide&quot;,&quot;speed&quot;:500}\" data-widget_type=\"image-carousel.default\">\n\t\t\t\t\t\t\t<div class=\"elementor-image-carousel-wrapper swiper\" role=\"region\" aria-roledescription=\"carousel\" aria-label=\"Carrusel d&#039;imatges\" dir=\"ltr\">\n\t\t\t<div class=\"elementor-image-carousel swiper-wrapper swiper-image-stretch\" aria-live=\"off\">\n\t\t\t\t\t\t\t\t<div class=\"swiper-slide\" role=\"group\" aria-roledescription=\"slide\" aria-label=\"1 de 6\"><figure class=\"swiper-slide-inner\"><img decoding=\"async\" class=\"swiper-slide-image\" src=\"https:\/\/www.simfoniagelateria.cat\/wp-content\/uploads\/elementor\/thumbs\/02_PRESENTACIONS-PLATS-004-web-rdvg7c2bt00vyg8miidksx4bajmtl8poyqndc5x5rk.jpg\" alt=\"Simfonia Alta Gelateria - Gelats artesanals amb \u00e0nima. Fets amb la nostra llet, la nostra m\u00e0 i el nostre cor.\" \/><\/figure><\/div><div class=\"swiper-slide\" role=\"group\" aria-roledescription=\"slide\" aria-label=\"2 de 6\"><figure class=\"swiper-slide-inner\"><img decoding=\"async\" class=\"swiper-slide-image\" src=\"https:\/\/www.simfoniagelateria.cat\/wp-content\/uploads\/elementor\/thumbs\/01-CREMOLINOS-008web-rdvg7c2bt00vyg8miidksx4bajmtl8poyqndc5x5rk.jpg\" alt=\"Simfonia Alta Gelateria - Gelats artesanals amb \u00e0nima. Fets amb la nostra llet, la nostra m\u00e0 i el nostre cor.\" \/><\/figure><\/div><div class=\"swiper-slide\" role=\"group\" aria-roledescription=\"slide\" aria-label=\"3 de 6\"><figure class=\"swiper-slide-inner\"><img decoding=\"async\" class=\"swiper-slide-image\" src=\"https:\/\/www.simfoniagelateria.cat\/wp-content\/uploads\/elementor\/thumbs\/08-TEXTURES-016-rdvg7c2bt00vyg8miidksx4bajmtl8poyqndc5x5rk.jpg\" alt=\"Simfonia Alta Gelateria - Gelats artesanals amb \u00e0nima. Fets amb la nostra llet, la nostra m\u00e0 i el nostre cor.\" \/><\/figure><\/div><div class=\"swiper-slide\" role=\"group\" aria-roledescription=\"slide\" aria-label=\"4 de 6\"><figure class=\"swiper-slide-inner\"><img decoding=\"async\" class=\"swiper-slide-image\" src=\"https:\/\/www.simfoniagelateria.cat\/wp-content\/uploads\/elementor\/thumbs\/01-CREMOLINOS-JUNTS-002-rdvg7c2bt00vyg8miidksx4bajmtl8poyqndc5x5rk.jpg\" alt=\"Simfonia Alta Gelateria - Gelats artesanals amb \u00e0nima. Fets amb la nostra llet, la nostra m\u00e0 i el nostre cor.\" \/><\/figure><\/div><div class=\"swiper-slide\" role=\"group\" aria-roledescription=\"slide\" aria-label=\"5 de 6\"><figure class=\"swiper-slide-inner\"><img decoding=\"async\" class=\"swiper-slide-image\" src=\"https:\/\/www.simfoniagelateria.cat\/wp-content\/uploads\/elementor\/thumbs\/02_PRESENTACIONS-PLATS-021web-rdvg7c2bt00vyg8miidksx4bajmtl8poyqndc5x5rk.jpg\" alt=\"Simfonia Alta Gelateria - Gelats artesanals amb \u00e0nima. Fets amb la nostra llet, la nostra m\u00e0 i el nostre cor.\" \/><\/figure><\/div><div class=\"swiper-slide\" role=\"group\" aria-roledescription=\"slide\" aria-label=\"6 de 6\"><figure class=\"swiper-slide-inner\"><img decoding=\"async\" class=\"swiper-slide-image\" src=\"https:\/\/www.simfoniagelateria.cat\/wp-content\/uploads\/elementor\/thumbs\/08-TEXTURES-021-rdvg7c2bt00vyg8miidksx4bajmtl8poyqndc5x5rk.jpg\" alt=\"Simfonia Alta Gelateria\" \/><\/figure><\/div>\t\t\t<\/div>\n\t\t\t\t\t\t\t\t\t\t\t\t<div class=\"elementor-swiper-button elementor-swiper-button-prev\" role=\"button\" tabindex=\"0\">\n\t\t\t\t\t\t<svg aria-hidden=\"true\" class=\"e-font-icon-svg e-eicon-chevron-left\" viewBox=\"0 0 1000 1000\" xmlns=\"http:\/\/www.w3.org\/2000\/svg\"><path d=\"M646 125C629 125 613 133 604 142L308 442C296 454 292 471 292 487 292 504 296 521 308 533L604 854C617 867 629 875 646 875 663 875 679 871 692 858 704 846 713 829 713 812 713 796 708 779 692 767L438 487 692 225C700 217 708 204 708 187 708 171 704 154 692 142 675 129 663 125 646 125Z\"><\/path><\/svg>\t\t\t\t\t<\/div>\n\t\t\t\t\t<div class=\"elementor-swiper-button elementor-swiper-button-next\" role=\"button\" tabindex=\"0\">\n\t\t\t\t\t\t<svg aria-hidden=\"true\" class=\"e-font-icon-svg e-eicon-chevron-right\" viewBox=\"0 0 1000 1000\" xmlns=\"http:\/\/www.w3.org\/2000\/svg\"><path d=\"M696 533C708 521 713 504 713 487 713 471 708 454 696 446L400 146C388 133 375 125 354 125 338 125 325 129 313 142 300 154 292 171 292 187 292 204 296 221 308 233L563 492 304 771C292 783 288 800 288 817 288 833 296 850 308 863 321 871 338 875 354 875 371 875 388 867 400 854L696 533Z\"><\/path><\/svg>\t\t\t\t\t<\/div>\n\t\t\t\t\n\t\t\t\t\t\t\t\t\t<div class=\"swiper-pagination\"><\/div>\n\t\t\t\t\t\t\t\t\t<\/div>\n\t\t\t\t\t\t<\/div>\n\t\t\t\t\t<\/div>\n\t\t\t\t<\/div>\n\t\t<div class=\"elementor-element elementor-element-f0e05fe e-flex e-con-boxed e-con e-parent\" data-id=\"f0e05fe\" data-element_type=\"container\" data-settings=\"{&quot;background_background&quot;:&quot;classic&quot;}\">\n\t\t\t\t\t<div class=\"e-con-inner\">\n\t\t\t\t<div class=\"elementor-element elementor-element-15c3b69 elementor-widget elementor-widget-heading\" data-id=\"15c3b69\" data-element_type=\"widget\" data-widget_type=\"heading.default\">\n\t\t\t\t\t<h3 class=\"elementor-heading-title elementor-size-default\">Creemos que un buen helado puede ser mucho m\u00e1s que un postre.<\/h3>\t\t\t\t<\/div>\n\t\t\t\t<div class=\"elementor-element elementor-element-3751f9f elementor-widget elementor-widget-text-editor\" data-id=\"3751f9f\" data-element_type=\"widget\" data-widget_type=\"text-editor.default\">\n\t\t\t\t\t\t\t\t\t<p>Puede ser <strong>una experiencia gastron\u00f3mica<\/strong>, un recuerdo, un momento que conecta. Por eso, cada detalle cuenta.<\/p>\t\t\t\t\t\t\t\t<\/div>\n\t\t\t\t\t<\/div>\n\t\t\t\t<\/div>\n\t\t\t\t<\/div>\n\t\t","protected":false},"excerpt":{"rendered":"<p>Sinfon\u00eda no es s\u00f3lo un nombre es una forma de entender el helado como una composici\u00f3n donde todo suma \u2014calidad, textura, sabor, origen\u2014 para crear una armon\u00eda perfecta. Simfonia Alta Gelateria nace de un sue\u00f1o sencillo pero ambiciosamente claro: crear helados artesanales de excelencia, elaborados con productos de proximidad e inspirados en la gran tradici\u00f3n [&hellip;]<\/p>\n","protected":false},"author":1,"featured_media":0,"parent":0,"menu_order":0,"comment_status":"closed","ping_status":"closed","template":"elementor_header_footer","meta":{"footnotes":""},"class_list":["post-273","page","type-page","status-publish","hentry"],"yoast_head":"<!-- This site is optimized with the Yoast SEO plugin v26.8 - https:\/\/yoast.com\/product\/yoast-seo-wordpress\/ -->\n<title>Qui\u00e9nes somos - Simfonia Alta Gelateria<\/title>\n<meta name=\"description\" content=\"Un sue\u00f1o sencillo pero ambiciosamente claro: crear helados artesanales de excelencia, elaborados con productos de proximidad e inspirados en la gran tradici\u00f3n heladera italiana.\" \/>\n<meta name=\"robots\" content=\"index, follow, max-snippet:-1, max-image-preview:large, max-video-preview:-1\" \/>\n<link rel=\"canonical\" href=\"https:\/\/www.simfoniagelateria.cat\/es\/quienes-somos\/\" \/>\n<meta property=\"og:locale\" content=\"es_ES\" \/>\n<meta property=\"og:type\" content=\"article\" \/>\n<meta property=\"og:title\" content=\"Qui\u00e9nes somos - Simfonia Alta Gelateria\" \/>\n<meta property=\"og:description\" content=\"Un sue\u00f1o sencillo pero ambiciosamente claro: crear helados artesanales de excelencia, elaborados con productos de proximidad e inspirados en la gran tradici\u00f3n heladera italiana.\" \/>\n<meta property=\"og:url\" content=\"https:\/\/www.simfoniagelateria.cat\/es\/quienes-somos\/\" \/>\n<meta property=\"og:site_name\" content=\"Simfonia Alta Gelateria\" \/>\n<meta property=\"article:modified_time\" content=\"2026-01-26T10:14:26+00:00\" \/>\n<meta property=\"og:image\" content=\"https:\/\/www.simfoniagelateria.cat\/wp-content\/uploads\/elementor\/thumbs\/02_PRESENTACIONS-PLATS-004-web-rdvg7c2bt00vyg8miidksx4bajmtl8poyqndc5x5rk.jpg\" \/>\n<meta name=\"twitter:card\" content=\"summary_large_image\" \/>\n<meta name=\"twitter:label1\" content=\"Tiempo de lectura\" \/>\n\t<meta name=\"twitter:data1\" content=\"3 minutos\" \/>\n<script type=\"application\/ld+json\" class=\"yoast-schema-graph\">{\"@context\":\"https:\/\/schema.org\",\"@graph\":[{\"@type\":\"WebPage\",\"@id\":\"https:\/\/www.simfoniagelateria.cat\/es\/quienes-somos\/\",\"url\":\"https:\/\/www.simfoniagelateria.cat\/es\/quienes-somos\/\",\"name\":\"Qui\u00e9nes somos - Simfonia Alta Gelateria\",\"isPartOf\":{\"@id\":\"https:\/\/www.simfoniagelateria.cat\/es\/#website\"},\"primaryImageOfPage\":{\"@id\":\"https:\/\/www.simfoniagelateria.cat\/es\/quienes-somos\/#primaryimage\"},\"image\":{\"@id\":\"https:\/\/www.simfoniagelateria.cat\/es\/quienes-somos\/#primaryimage\"},\"thumbnailUrl\":\"https:\/\/www.simfoniagelateria.cat\/wp-content\/uploads\/elementor\/thumbs\/02_PRESENTACIONS-PLATS-004-web-rdvg7c2bt00vyg8miidksx4bajmtl8poyqndc5x5rk.jpg\",\"datePublished\":\"2025-10-06T12:09:23+00:00\",\"dateModified\":\"2026-01-26T10:14:26+00:00\",\"description\":\"Un sue\u00f1o sencillo pero ambiciosamente claro: crear helados artesanales de excelencia, elaborados con productos de proximidad e inspirados en la gran tradici\u00f3n heladera italiana.\",\"breadcrumb\":{\"@id\":\"https:\/\/www.simfoniagelateria.cat\/es\/quienes-somos\/#breadcrumb\"},\"inLanguage\":\"es\",\"potentialAction\":[{\"@type\":\"ReadAction\",\"target\":[\"https:\/\/www.simfoniagelateria.cat\/es\/quienes-somos\/\"]}]},{\"@type\":\"ImageObject\",\"inLanguage\":\"es\",\"@id\":\"https:\/\/www.simfoniagelateria.cat\/es\/quienes-somos\/#primaryimage\",\"url\":\"https:\/\/www.simfoniagelateria.cat\/wp-content\/uploads\/elementor\/thumbs\/02_PRESENTACIONS-PLATS-004-web-rdvg7c2bt00vyg8miidksx4bajmtl8poyqndc5x5rk.jpg\",\"contentUrl\":\"https:\/\/www.simfoniagelateria.cat\/wp-content\/uploads\/elementor\/thumbs\/02_PRESENTACIONS-PLATS-004-web-rdvg7c2bt00vyg8miidksx4bajmtl8poyqndc5x5rk.jpg\"},{\"@type\":\"BreadcrumbList\",\"@id\":\"https:\/\/www.simfoniagelateria.cat\/es\/quienes-somos\/#breadcrumb\",\"itemListElement\":[{\"@type\":\"ListItem\",\"position\":1,\"name\":\"Home\",\"item\":\"https:\/\/www.simfoniagelateria.cat\/es\/\"},{\"@type\":\"ListItem\",\"position\":2,\"name\":\"Qui\u00e9nes somos\"}]},{\"@type\":\"WebSite\",\"@id\":\"https:\/\/www.simfoniagelateria.cat\/es\/#website\",\"url\":\"https:\/\/www.simfoniagelateria.cat\/es\/\",\"name\":\"Simfonia Alta Gelateria\",\"description\":\"Gelats artesanals amb \u00e0nima. Fets amb la nostra llet, la nostra m\u00e0 i el nostre cor.\",\"publisher\":{\"@id\":\"https:\/\/www.simfoniagelateria.cat\/es\/#organization\"},\"potentialAction\":[{\"@type\":\"SearchAction\",\"target\":{\"@type\":\"EntryPoint\",\"urlTemplate\":\"https:\/\/www.simfoniagelateria.cat\/es\/?s={search_term_string}\"},\"query-input\":{\"@type\":\"PropertyValueSpecification\",\"valueRequired\":true,\"valueName\":\"search_term_string\"}}],\"inLanguage\":\"es\"},{\"@type\":\"Organization\",\"@id\":\"https:\/\/www.simfoniagelateria.cat\/es\/#organization\",\"name\":\"Simfonia Alta Gelateria\",\"url\":\"https:\/\/www.simfoniagelateria.cat\/es\/\",\"logo\":{\"@type\":\"ImageObject\",\"inLanguage\":\"es\",\"@id\":\"https:\/\/www.simfoniagelateria.cat\/es\/#\/schema\/logo\/image\/\",\"url\":\"https:\/\/www.simfoniagelateria.cat\/wp-content\/uploads\/2025\/10\/logo-simfonia.svg\",\"contentUrl\":\"https:\/\/www.simfoniagelateria.cat\/wp-content\/uploads\/2025\/10\/logo-simfonia.svg\",\"width\":220,\"height\":108,\"caption\":\"Simfonia Alta Gelateria\"},\"image\":{\"@id\":\"https:\/\/www.simfoniagelateria.cat\/es\/#\/schema\/logo\/image\/\"}}]}<\/script>\n<!-- \/ Yoast SEO plugin. -->","yoast_head_json":{"title":"Qui\u00e9nes somos - Simfonia Alta Gelateria","description":"Un sue\u00f1o sencillo pero ambiciosamente claro: crear helados artesanales de excelencia, elaborados con productos de proximidad e inspirados en la gran tradici\u00f3n heladera italiana.","robots":{"index":"index","follow":"follow","max-snippet":"max-snippet:-1","max-image-preview":"max-image-preview:large","max-video-preview":"max-video-preview:-1"},"canonical":"https:\/\/www.simfoniagelateria.cat\/es\/quienes-somos\/","og_locale":"es_ES","og_type":"article","og_title":"Qui\u00e9nes somos - Simfonia Alta Gelateria","og_description":"Un sue\u00f1o sencillo pero ambiciosamente claro: crear helados artesanales de excelencia, elaborados con productos de proximidad e inspirados en la gran tradici\u00f3n heladera italiana.","og_url":"https:\/\/www.simfoniagelateria.cat\/es\/quienes-somos\/","og_site_name":"Simfonia Alta Gelateria","article_modified_time":"2026-01-26T10:14:26+00:00","og_image":[{"url":"https:\/\/www.simfoniagelateria.cat\/wp-content\/uploads\/elementor\/thumbs\/02_PRESENTACIONS-PLATS-004-web-rdvg7c2bt00vyg8miidksx4bajmtl8poyqndc5x5rk.jpg","type":"","width":"","height":""}],"twitter_card":"summary_large_image","twitter_misc":{"Tiempo de lectura":"3 minutos"},"schema":{"@context":"https:\/\/schema.org","@graph":[{"@type":"WebPage","@id":"https:\/\/www.simfoniagelateria.cat\/es\/quienes-somos\/","url":"https:\/\/www.simfoniagelateria.cat\/es\/quienes-somos\/","name":"Qui\u00e9nes somos - Simfonia Alta Gelateria","isPartOf":{"@id":"https:\/\/www.simfoniagelateria.cat\/es\/#website"},"primaryImageOfPage":{"@id":"https:\/\/www.simfoniagelateria.cat\/es\/quienes-somos\/#primaryimage"},"image":{"@id":"https:\/\/www.simfoniagelateria.cat\/es\/quienes-somos\/#primaryimage"},"thumbnailUrl":"https:\/\/www.simfoniagelateria.cat\/wp-content\/uploads\/elementor\/thumbs\/02_PRESENTACIONS-PLATS-004-web-rdvg7c2bt00vyg8miidksx4bajmtl8poyqndc5x5rk.jpg","datePublished":"2025-10-06T12:09:23+00:00","dateModified":"2026-01-26T10:14:26+00:00","description":"Un sue\u00f1o sencillo pero ambiciosamente claro: crear helados artesanales de excelencia, elaborados con productos de proximidad e inspirados en la gran tradici\u00f3n heladera italiana.","breadcrumb":{"@id":"https:\/\/www.simfoniagelateria.cat\/es\/quienes-somos\/#breadcrumb"},"inLanguage":"es","potentialAction":[{"@type":"ReadAction","target":["https:\/\/www.simfoniagelateria.cat\/es\/quienes-somos\/"]}]},{"@type":"ImageObject","inLanguage":"es","@id":"https:\/\/www.simfoniagelateria.cat\/es\/quienes-somos\/#primaryimage","url":"https:\/\/www.simfoniagelateria.cat\/wp-content\/uploads\/elementor\/thumbs\/02_PRESENTACIONS-PLATS-004-web-rdvg7c2bt00vyg8miidksx4bajmtl8poyqndc5x5rk.jpg","contentUrl":"https:\/\/www.simfoniagelateria.cat\/wp-content\/uploads\/elementor\/thumbs\/02_PRESENTACIONS-PLATS-004-web-rdvg7c2bt00vyg8miidksx4bajmtl8poyqndc5x5rk.jpg"},{"@type":"BreadcrumbList","@id":"https:\/\/www.simfoniagelateria.cat\/es\/quienes-somos\/#breadcrumb","itemListElement":[{"@type":"ListItem","position":1,"name":"Home","item":"https:\/\/www.simfoniagelateria.cat\/es\/"},{"@type":"ListItem","position":2,"name":"Qui\u00e9nes somos"}]},{"@type":"WebSite","@id":"https:\/\/www.simfoniagelateria.cat\/es\/#website","url":"https:\/\/www.simfoniagelateria.cat\/es\/","name":"Simfonia Alta Gelateria","description":"Gelats artesanals amb \u00e0nima. Fets amb la nostra llet, la nostra m\u00e0 i el nostre cor.","publisher":{"@id":"https:\/\/www.simfoniagelateria.cat\/es\/#organization"},"potentialAction":[{"@type":"SearchAction","target":{"@type":"EntryPoint","urlTemplate":"https:\/\/www.simfoniagelateria.cat\/es\/?s={search_term_string}"},"query-input":{"@type":"PropertyValueSpecification","valueRequired":true,"valueName":"search_term_string"}}],"inLanguage":"es"},{"@type":"Organization","@id":"https:\/\/www.simfoniagelateria.cat\/es\/#organization","name":"Simfonia Alta Gelateria","url":"https:\/\/www.simfoniagelateria.cat\/es\/","logo":{"@type":"ImageObject","inLanguage":"es","@id":"https:\/\/www.simfoniagelateria.cat\/es\/#\/schema\/logo\/image\/","url":"https:\/\/www.simfoniagelateria.cat\/wp-content\/uploads\/2025\/10\/logo-simfonia.svg","contentUrl":"https:\/\/www.simfoniagelateria.cat\/wp-content\/uploads\/2025\/10\/logo-simfonia.svg","width":220,"height":108,"caption":"Simfonia Alta Gelateria"},"image":{"@id":"https:\/\/www.simfoniagelateria.cat\/es\/#\/schema\/logo\/image\/"}}]}},"_links":{"self":[{"href":"https:\/\/www.simfoniagelateria.cat\/es\/wp-json\/wp\/v2\/pages\/273","targetHints":{"allow":["GET"]}}],"collection":[{"href":"https:\/\/www.simfoniagelateria.cat\/es\/wp-json\/wp\/v2\/pages"}],"about":[{"href":"https:\/\/www.simfoniagelateria.cat\/es\/wp-json\/wp\/v2\/types\/page"}],"author":[{"embeddable":true,"href":"https:\/\/www.simfoniagelateria.cat\/es\/wp-json\/wp\/v2\/users\/1"}],"replies":[{"embeddable":true,"href":"https:\/\/www.simfoniagelateria.cat\/es\/wp-json\/wp\/v2\/comments?post=273"}],"version-history":[{"count":8,"href":"https:\/\/www.simfoniagelateria.cat\/es\/wp-json\/wp\/v2\/pages\/273\/revisions"}],"predecessor-version":[{"id":397,"href":"https:\/\/www.simfoniagelateria.cat\/es\/wp-json\/wp\/v2\/pages\/273\/revisions\/397"}],"wp:attachment":[{"href":"https:\/\/www.simfoniagelateria.cat\/es\/wp-json\/wp\/v2\/media?parent=273"}],"curies":[{"name":"wp","href":"https:\/\/api.w.org\/{rel}","templated":true}]}}